{"id":838,"date":"2020-01-24T11:08:38","date_gmt":"2020-01-24T10:08:38","guid":{"rendered":"https:\/\/pro-k-pt.de\/?page_id=838"},"modified":"2021-12-01T15:35:35","modified_gmt":"2021-12-01T14:35:35","slug":"site-notice","status":"publish","type":"page","link":"https:\/\/pro-k-pt.de\/en\/site-notice\/","title":{"rendered":"Site Notice"},"content":{"rendered":"<p>[et_pb_section fb_built=&#8221;1&#8243; fullwidth=&#8221;on&#8221; _builder_version=&#8221;4.2.2&#8243; bottom_divider_style=&#8221;arrow3&#8243; bottom_divider_color=&#8221;#30363b&#8221; bottom_divider_flip=&#8221;horizontal&#8221; hover_enabled=&#8221;0&#8243; border_color_bottom=&#8221;#38896e&#8221;][et_pb_fullwidth_header title=&#8221;Site Notice&#8221; subhead=&#8221;Information pursuant to Sect. 5 German Telemedia Act (TMG)&#8221; background_overlay_color=&#8221;rgba(0,0,0,0.6)&#8221; _builder_version=&#8221;4.2.2&#8243; title_level=&#8221;h2&#8243; title_text_align=&#8221;center&#8221; title_text_color=&#8221;#ffffff&#8221; content_text_align=&#8221;center&#8221; content_font_size=&#8221;11px&#8221; subhead_font=&#8221;|||on|||||&#8221; subhead_text_align=&#8221;center&#8221; background_enable_color=&#8221;off&#8221; background_image=&#8221;https:\/\/pro-k-pt.de\/wp-content\/uploads\/2019\/12\/Polygon-Hintergrund-Dark-1980.png&#8221; custom_padding=&#8221;75px||100px||false|false&#8221; hover_enabled=&#8221;0&#8243;][\/et_pb_fullwidth_header][\/et_pb_section][et_pb_section fb_built=&#8221;1&#8243; _builder_version=&#8221;4.2.2&#8243; background_color=&#8221;#30363b&#8221; background_image=&#8221;https:\/\/pro-k-pt.de\/wp-content\/uploads\/2019\/11\/pro-k-logo-bg.png&#8221; background_size=&#8221;initial&#8221; background_position=&#8221;center_right&#8221; max_width=&#8221;100%&#8221; custom_padding=&#8221;0px|0px|0px|0px|false|false&#8221; bottom_divider_style=&#8221;arrow2&#8243; bottom_divider_color=&#8221;#38896e&#8221; bottom_divider_flip=&#8221;horizontal&#8221;][et_pb_row column_structure=&#8221;1_2,1_2&#8243; _builder_version=&#8221;4.0.6&#8243;][et_pb_column type=&#8221;1_2&#8243; _builder_version=&#8221;4.0.6&#8243;][et_pb_text _builder_version=&#8221;4.2.2&#8243; background_layout=&#8221;dark&#8221; custom_padding=&#8221;50px||||false|false&#8221; animation_style=&#8221;zoom&#8221; animation_direction=&#8221;bottom&#8221;]<\/p>\n<h2 style=\"text-align: left;\">Pro-K Pr\u00fcftechnik GmbH<\/h2>\n<p>Am Katzenbaumerschlag 11 b<br \/>67105 Schifferstadt<br \/>Germany<\/p>\n<p><strong>Represented by:<\/strong><br \/>Johannes Ke\u00dfler, Luise Franz<\/p>\n<p>[\/et_pb_text][\/et_pb_column][et_pb_column type=&#8221;1_2&#8243; _builder_version=&#8221;4.0.6&#8243;][et_pb_text _builder_version=&#8221;4.2.2&#8243; background_layout=&#8221;dark&#8221; custom_padding=&#8221;50px||||false|false&#8221; animation_style=&#8221;zoom&#8221; animation_direction=&#8221;bottom&#8221;]<\/p>\n<h2 style=\"text-align: left;\">VAT ID<\/h2>\n<p>Sales tax identification number according to Sect. 27 a of the Sales Tax Law:<br \/>DE326209190<\/p>\n<p>[\/et_pb_text][\/et_pb_column][\/et_pb_row][et_pb_row column_structure=&#8221;1_2,1_2&#8243; _builder_version=&#8221;4.0.6&#8243;][et_pb_column type=&#8221;1_2&#8243; _builder_version=&#8221;4.0.6&#8243;][et_pb_text _builder_version=&#8221;4.2.2&#8243; background_layout=&#8221;dark&#8221; custom_padding=&#8221;50px||||false|false&#8221; animation_style=&#8221;zoom&#8221; animation_direction=&#8221;bottom&#8221;]<\/p>\n<h2 style=\"text-align: left;\">Contact<\/h2>\n<p>Telefon: <a href=\"tel:+4962354557888\">+49 (0)6235 &#8211; 455 975 &#8211; 0<\/a><br \/>E-Mail: <a href=\"mailto:info@pro-k-pt.de\">info@pro-k-pt.de<\/a><\/p>\n<p>[\/et_pb_text][et_pb_divider show_divider=&#8221;off&#8221; _builder_version=&#8221;4.0.6&#8243; custom_padding=&#8221;25px||25px||false|false&#8221;][\/et_pb_divider][\/et_pb_column][et_pb_column type=&#8221;1_2&#8243; _builder_version=&#8221;4.0.6&#8243;][et_pb_text _builder_version=&#8221;4.2.2&#8243; background_layout=&#8221;dark&#8221; custom_padding=&#8221;50px||||false|false&#8221; animation_style=&#8221;zoom&#8221; animation_direction=&#8221;bottom&#8221;]<\/p>\n<h2 style=\"text-align: left;\">Commercial Register<\/h2>\n<p>Commercial Register: HRB 66549<br \/>Registration court: Amtsgericht Ludwigshafen<\/p>\n<p>[\/et_pb_text][\/et_pb_column][\/et_pb_row][\/et_pb_section][et_pb_section fb_built=&#8221;1&#8243; _builder_version=&#8221;4.0.6&#8243; background_color=&#8221;#38896e&#8221;][et_pb_row _builder_version=&#8221;4.0.6&#8243;][et_pb_column type=&#8221;4_4&#8243; _builder_version=&#8221;4.0.6&#8243;][et_pb_text _builder_version=&#8221;4.2.2&#8243; text_text_color=&#8221;#ffffff&#8221; link_text_color=&#8221;#bde1c5&#8243; header_2_text_color=&#8221;#ffffff&#8221; header_3_text_color=&#8221;#bde1c5&#8243;]<\/p>\n<h2>EU dispute resolution<\/h2>\n<p>The European Commission provides a platform for online dispute resolution (ODR): <a href=\"https:\/\/ec.europa.eu\/consumers\/odr\" target=\"_blank\" rel=\"noopener noreferrer\">https:\/\/ec.europa.eu\/consumers\/odr<\/a>.<br \/>Our e-mail address can be found above in the site notice.<\/p>\n<p><strong>Dispute resolution proceedings in front of a consumer arbitration board<\/strong><\/p>\n<p>We are not willing or obliged to participate in dispute resolution proceedings in front of a consumer arbitration board.<\/p>\n<p>&nbsp;<\/p>\n<h3>Liability for Contents<\/h3>\n<p>As service providers, we are liable for own contents of these websites according to Paragraph 7, Sect. 1 German Telemedia Act (TMG). However, according to Paragraphs 8 to 10 German Telemedia Act (TMG), service providers are not obligated to permanently monitor submitted or stored information or to search for evidences that indicate illegal activities.<\/p>\n<p>Legal obligations to removing information or to blocking the use of information remain unchallenged. In this case, liability is only possible at the time of knowledge about a specific violation of law. Illegal contents will be removed immediately at the time we get knowledge of them.<\/p>\n<p>&nbsp;<\/p>\n<h3>Liability for Links<\/h3>\n<p>Our offer includes links to external third party websites. We have no influence on the contents of those websites, therefore we cannot guarantee for those contents. Providers or administrators of linked websites are always responsible for their own contents.<\/p>\n<p>The linked websites had been checked for possible violations of law at the time of the establishment of the link. Illegal contents were not detected at the time of the linking. A permanent monitoring of the contents of linked websites cannot be imposed without reasonable indications that there has been a violation of law. Illegal links will be removed immediately at the time we get knowledge of them.<\/p>\n<p>&nbsp;<\/p>\n<h3>Copyright<\/h3>\n<p>Contents and compilations published on these websites by the providers are subject to German copyright laws. Reproduction, editing, distribution as well as the use of any kind outside the scope of the copyright law require a written permission of the author or originator. Downloads and copies of these websites are permitted for private use only.<\/p>\n<p>The commercial use of our contents without permission of the originator is prohibited.<\/p>\n<p>Copyright laws of third parties are respected as long as the contents on these websites do not originate from the provider. Contributions of third parties on this site are indicated as such. However, if you notice any violations of copyright law, please inform us. Such contents will be removed immediately.<\/p>\n<p>[\/et_pb_text][\/et_pb_column][\/et_pb_row][\/et_pb_section][et_pb_section fb_built=&#8221;1&#8243; prev_background_color=&#8221;#38896e&#8221; next_background_color=&#8221;#ffffff&#8221; _builder_version=&#8221;4.2.2&#8243; background_enable_color=&#8221;off&#8221; background_image=&#8221;https:\/\/pro-k-pt.de\/wp-content\/uploads\/2019\/12\/Polygon-Hintergrund-Dark-1980.png&#8221; parallax=&#8221;on&#8221; max_width=&#8221;100%&#8221; custom_padding=&#8221;0px|0px|0px|0px|false|false&#8221; top_divider_style=&#8221;arrow2&#8243; bottom_divider_style=&#8221;arrow2&#8243; global_module=&#8221;845&#8243;][et_pb_row use_custom_gutter=&#8221;on&#8221; gutter_width=&#8221;1&#8243; make_equal=&#8221;on&#8221; _builder_version=&#8221;4.0.6&#8243; width=&#8221;100%&#8221; max_width=&#8221;100%&#8221; custom_padding=&#8221;0px|0px|0px|0px|false|false&#8221; animation_style=&#8221;zoom&#8221;][et_pb_column type=&#8221;4_4&#8243; _builder_version=&#8221;4.0.6&#8243; background_enable_color=&#8221;off&#8221; custom_padding=&#8221;10%|8%|8%|10%|false|false&#8221;][et_pb_text _builder_version=&#8221;4.2.2&#8243; text_text_color=&#8221;#bde1c5&#8243; header_2_text_color=&#8221;#ffffff&#8221; background_layout=&#8221;dark&#8221; custom_padding=&#8221;||25px||false|false&#8221;]<\/p>\n<h2 style=\"text-align: center;\">Digitize now<\/h2>\n<p style=\"text-align: center;\"><strong>It\u2019s best to convince yourself right away and contact us \u2013 we look forward to a personal conversation.<\/strong><\/p>\n<p>[\/et_pb_text][et_pb_button button_url=&#8221;@ET-DC@eyJkeW5hbWljIjp0cnVlLCJjb250ZW50IjoicG9zdF9saW5rX3VybF9wYWdlIiwic2V0dGluZ3MiOnsicG9zdF9pZCI6IjM3OSJ9fQ==@&#8221; button_text=&#8221;Contact us&#8221; button_alignment=&#8221;center&#8221; _builder_version=&#8221;4.2.2&#8243; _dynamic_attributes=&#8221;button_url&#8221; custom_button=&#8221;on&#8221; button_bg_color=&#8221;#38896e&#8221; button_border_color=&#8221;rgba(0,0,0,0)&#8221; button_border_radius=&#8221;0px&#8221; button_font=&#8221;|||on|||||&#8221; button_icon=&#8221;%%20%%&#8221; button_icon_color=&#8221;#ffffff&#8221; background_layout=&#8221;dark&#8221;][\/et_pb_button][\/et_pb_column][\/et_pb_row][\/et_pb_section]<\/p>\n","protected":false},"excerpt":{"rendered":"<p>Pro-K Pr\u00fcftechnik GmbH Am Katzenbaumerschlag 11 b67105 SchifferstadtGermany Represented by:Johannes Ke\u00dfler, Luise FranzVAT ID Sales tax identification number according to Sect. 27 a of the Sales Tax Law:DE326209190Contact Telefon: +49 (0)6235 &#8211; 455 975 &#8211; 0E-Mail: info@pro-k-pt.deCommercial Register Commercial Register: HRB 66549Registration court: Amtsgericht LudwigshafenEU dispute resolution The European Commission provides a platform for online [&hellip;]<\/p>\n","protected":false},"author":1,"featured_media":0,"parent":0,"menu_order":5,"comment_status":"closed","ping_status":"closed","template":"","meta":{"_et_pb_use_builder":"on","_et_pb_old_content":"<p>[et_pb_section fb_built=\"1\" fullwidth=\"on\" _builder_version=\"4.0.6\" bottom_divider_style=\"arrow3\" bottom_divider_color=\"#30363b\" bottom_divider_flip=\"horizontal\" border_color_bottom=\"#38896e\"][et_pb_fullwidth_header title=\"Impressum\" subhead=\"Angaben gem\u00e4\u00df \u00a7 5 TMG\" background_overlay_color=\"rgba(0,0,0,0.4)\" _builder_version=\"4.0.9\" title_level=\"h2\" title_text_align=\"center\" title_text_color=\"#38896e\" content_text_align=\"center\" content_font_size=\"11px\" subhead_font=\"|||on|||||\" subhead_text_align=\"center\" background_enable_color=\"off\" background_image=\"https:\/\/pro-k-pt.de\/wp-content\/uploads\/2020\/01\/haertepruefung-von-metallen.jpg\" custom_padding=\"75px||100px||false|false\" hover_enabled=\"0\"]<\/p><p>\u00a9 ivanmollov - iStock<\/p><p>[\/et_pb_fullwidth_header][\/et_pb_section][et_pb_section fb_built=\"1\" _builder_version=\"4.0.6\" background_color=\"#30363b\" background_image=\"https:\/\/pro-k-pt.de\/wp-content\/uploads\/2019\/11\/pro-k-logo-bg.png\" background_size=\"initial\" background_position=\"center_right\" max_width=\"100%\" custom_padding=\"0px|0px|0px|0px|false|false\" bottom_divider_style=\"arrow2\" bottom_divider_color=\"#38896e\"][et_pb_row column_structure=\"1_2,1_2\" _builder_version=\"4.0.6\"][et_pb_column type=\"1_2\" _builder_version=\"4.0.6\"][et_pb_text _builder_version=\"4.0.6\" background_layout=\"dark\" custom_padding=\"50px||||false|false\" animation_style=\"zoom\" animation_direction=\"bottom\"]<\/p><h2 style=\"text-align: left;\">Pro-K Pr\u00fcftechnik GmbH<\/h2><p>Carl-Benz-Stra\u00dfe 6-8<br \/>67105 Schifferstadt<\/p><p><strong>Vertreten durch:<\/strong><br \/>Johannes Ke\u00dfler, Luise Ke\u00dfler<\/p><p>[\/et_pb_text][\/et_pb_column][et_pb_column type=\"1_2\" _builder_version=\"4.0.6\"][et_pb_text _builder_version=\"4.0.6\" background_layout=\"dark\" custom_padding=\"50px||||false|false\" animation_style=\"zoom\" animation_direction=\"bottom\"]<\/p><h2 style=\"text-align: left;\">Umsatzsteuer-ID<\/h2><p>Umsatzsteuer-Identifikationsnummer gem\u00e4\u00df \u00a727 a Umsatzsteuergesetz:<br \/>DE326209190<\/p><p>[\/et_pb_text][\/et_pb_column][\/et_pb_row][et_pb_row column_structure=\"1_2,1_2\" _builder_version=\"4.0.6\"][et_pb_column type=\"1_2\" _builder_version=\"4.0.6\"][et_pb_text _builder_version=\"4.0.6\" background_layout=\"dark\" custom_padding=\"50px||||false|false\" animation_style=\"zoom\" animation_direction=\"bottom\"]<\/p><h2 style=\"text-align: left;\">Kontakt<\/h2><p>Telefon: <a href=\"tel:+4962354557888\">+49 (0)6235 - 455 78 88<\/a><br \/>E-Mail: <a href=\"mailto:info@pro-k-pt.de\">info@pro-k-pt.de<\/a><\/p><p>[\/et_pb_text][et_pb_divider show_divider=\"off\" _builder_version=\"4.0.6\" custom_padding=\"25px||25px||false|false\"][\/et_pb_divider][\/et_pb_column][et_pb_column type=\"1_2\" _builder_version=\"4.0.6\"][et_pb_text _builder_version=\"4.0.6\" background_layout=\"dark\" custom_padding=\"50px||||false|false\" animation_style=\"zoom\" animation_direction=\"bottom\"]<\/p><h2 style=\"text-align: left;\">Handelsregister<\/h2><p>Handelsregister: HRB 66549<br \/>Registergericht: Amtsgericht Ludwigshafen<\/p><p>[\/et_pb_text][\/et_pb_column][\/et_pb_row][\/et_pb_section][et_pb_section fb_built=\"1\" _builder_version=\"4.0.6\" background_color=\"#38896e\"][et_pb_row _builder_version=\"4.0.6\"][et_pb_column type=\"4_4\" _builder_version=\"4.0.6\"][et_pb_text _builder_version=\"4.0.6\" text_text_color=\"#ffffff\" link_text_color=\"#bde1c5\" header_2_text_color=\"#ffffff\" header_3_text_color=\"#bde1c5\"]<\/p><h2>Streitschlichtung<\/h2><p>Die Europ\u00e4ische Kommission stellt eine Plattform zur Online-Streitbeilegung (OS) bereit: <a href=\"https:\/\/ec.europa.eu\/consumers\/odr\" target=\"_blank\" rel=\"noopener noreferrer\">https:\/\/ec.europa.eu\/consumers\/odr<\/a>.<br \/>Unsere E-Mail-Adresse finden Sie oben im Impressum.<\/p><p>Wir sind nicht bereit oder verpflichtet, an Streitbeilegungsverfahren vor einer Verbraucherschlichtungsstelle teilzunehmen.<\/p><p>\u00a0<\/p><h3>Haftung f\u00fcr Inhalte<\/h3><p>Als Diensteanbieter sind wir gem\u00e4\u00df \u00a7 7 Abs.1 TMG f\u00fcr eigene Inhalte auf diesen Seiten nach den allgemeinen Gesetzen verantwortlich. Nach \u00a7\u00a7 8 bis 10 TMG sind wir als Diensteanbieter jedoch nicht verpflichtet, \u00fcbermittelte oder gespeicherte fremde Informationen zu \u00fcberwachen oder nach Umst\u00e4nden zu forschen, die auf eine rechtswidrige T\u00e4tigkeit hinweisen.<\/p><p>Verpflichtungen zur Entfernung oder Sperrung der Nutzung von Informationen nach den allgemeinen Gesetzen bleiben hiervon unber\u00fchrt. Eine diesbez\u00fcgliche Haftung ist jedoch erst ab dem Zeitpunkt der Kenntnis einer konkreten Rechtsverletzung m\u00f6glich. Bei Bekanntwerden von entsprechenden Rechtsverletzungen werden wir diese Inhalte umgehend entfernen.<\/p><p>\u00a0<\/p><h3>Haftung f\u00fcr Links<\/h3><p>Unser Angebot enth\u00e4lt Links zu externen Websites Dritter, auf deren Inhalte wir keinen Einfluss haben. Deshalb k\u00f6nnen wir f\u00fcr diese fremden Inhalte auch keine Gew\u00e4hr \u00fcbernehmen. F\u00fcr die Inhalte der verlinkten Seiten ist stets der jeweilige Anbieter oder Betreiber der Seiten verantwortlich. Die verlinkten Seiten wurden zum Zeitpunkt der Verlinkung auf m\u00f6gliche Rechtsverst\u00f6\u00dfe \u00fcberpr\u00fcft. Rechtswidrige Inhalte waren zum Zeitpunkt der Verlinkung nicht erkennbar.<\/p><p>Eine permanente inhaltliche Kontrolle der verlinkten Seiten ist jedoch ohne konkrete Anhaltspunkte einer Rechtsverletzung nicht zumutbar. Bei Bekanntwerden von Rechtsverletzungen werden wir derartige Links umgehend entfernen.<\/p><p>\u00a0<\/p><h3>Urheberrecht<\/h3><p>Die durch die Seitenbetreiber erstellten Inhalte und Werke auf diesen Seiten unterliegen dem deutschen Urheberrecht. Die Vervielf\u00e4ltigung, Bearbeitung, Verbreitung und jede Art der Verwertung au\u00dferhalb der Grenzen des Urheberrechtes bed\u00fcrfen der schriftlichen Zustimmung des jeweiligen Autors bzw. Erstellers. Downloads und Kopien dieser Seite sind nur f\u00fcr den privaten, nicht kommerziellen Gebrauch gestattet.<\/p><p>Soweit die Inhalte auf dieser Seite nicht vom Betreiber erstellt wurden, werden die Urheberrechte Dritter beachtet. Insbesondere werden Inhalte Dritter als solche gekennzeichnet. Sollten Sie trotzdem auf eine Urheberrechtsverletzung aufmerksam werden, bitten wir um einen entsprechenden Hinweis. Bei Bekanntwerden von Rechtsverletzungen werden wir derartige Inhalte umgehend entfernen.<\/p><p>[\/et_pb_text][\/et_pb_column][\/et_pb_row][\/et_pb_section][et_pb_section fb_built=\"1\" _builder_version=\"4.0.9\" background_enable_color=\"off\" background_image=\"https:\/\/pro-k-pt.de\/wp-content\/uploads\/2020\/01\/effiziente-haertepruefung-von-materialien.jpg\" parallax=\"on\" max_width=\"100%\" custom_padding=\"0px|0px|0px|0px|false|false\" top_divider_style=\"arrow2\" top_divider_color=\"#38896e\" bottom_divider_style=\"arrow2\" bottom_divider_color=\"#30363b\" bottom_divider_flip=\"vertical\" hover_enabled=\"0\"][et_pb_row use_custom_gutter=\"on\" gutter_width=\"1\" make_equal=\"on\" _builder_version=\"4.0.6\" width=\"100%\" max_width=\"100%\" custom_padding=\"0px|0px|0px|0px|false|false\" animation_style=\"zoom\"][et_pb_column type=\"4_4\" _builder_version=\"4.0.6\" background_enable_color=\"off\" custom_padding=\"10%|8%|8%|10%|false|false\"][et_pb_text _builder_version=\"4.0.6\" background_layout=\"dark\" custom_padding=\"||25px||false|false\"]<\/p><h2 style=\"text-align: center;\">Jetzt digital durchstarten<\/h2><p style=\"text-align: center;\"><strong>\u00dcberzeugen Sie sich am besten gleich selbst und kontaktieren Sie uns \u2013 wir freuen uns auf ein pers\u00f6nliches Gespr\u00e4ch. <\/strong><\/p><p>[\/et_pb_text][et_pb_button button_url=\"@ET-DC@eyJkeW5hbWljIjp0cnVlLCJjb250ZW50IjoicG9zdF9saW5rX3VybF9wYWdlIiwic2V0dGluZ3MiOnsicG9zdF9pZCI6IjM3OSJ9fQ==@\" button_text=\"Zum Kontakt\" button_alignment=\"center\" _builder_version=\"4.0.6\" _dynamic_attributes=\"button_url\" custom_button=\"on\" button_bg_color=\"#38896e\" button_border_color=\"rgba(0,0,0,0)\" button_border_radius=\"0px\" button_font=\"|||on|||||\" button_icon=\"%%20%%\" button_icon_color=\"#ffffff\" background_layout=\"dark\"][\/et_pb_button][et_pb_text admin_label=\"Copyright\" module_class=\"paralax-copyright\" _builder_version=\"4.0.9\" hover_enabled=\"0\"]<\/p><p>\u00a9 kertlis - iStock<\/p><p>[\/et_pb_text][\/et_pb_column][\/et_pb_row][\/et_pb_section]<\/p>","_et_gb_content_width":"","footnotes":""},"class_list":["post-838","page","type-page","status-publish","hentry"],"yoast_head":"<!-- This site is optimized with the Yoast SEO plugin v23.8 - https:\/\/yoast.com\/wordpress\/plugins\/seo\/ -->\n<title>Site Notice - Pro K Pr\u00fcftechnik GmbH<\/title>\n<meta name=\"robots\" content=\"index, follow, max-snippet:-1, max-image-preview:large, max-video-preview:-1\" \/>\n<link rel=\"canonical\" href=\"https:\/\/pro-k-pt.de\/en\/site-notice\/\" \/>\n<meta property=\"og:locale\" content=\"en_US\" \/>\n<meta property=\"og:type\" content=\"article\" \/>\n<meta property=\"og:title\" content=\"Site Notice - Pro K Pr\u00fcftechnik GmbH\" \/>\n<meta property=\"og:description\" content=\"Pro-K Pr\u00fcftechnik GmbH Am Katzenbaumerschlag 11 b67105 SchifferstadtGermany Represented by:Johannes Ke\u00dfler, Luise FranzVAT ID Sales tax identification number according to Sect. 27 a of the Sales Tax Law:DE326209190Contact Telefon: +49 (0)6235 - 455 975 - 0E-Mail: info@pro-k-pt.deCommercial Register Commercial Register: HRB 66549Registration court: Amtsgericht LudwigshafenEU dispute resolution The European Commission provides a platform for online [&hellip;]\" \/>\n<meta property=\"og:url\" content=\"https:\/\/pro-k-pt.de\/en\/site-notice\/\" \/>\n<meta property=\"og:site_name\" content=\"Pro K Pr\u00fcftechnik GmbH\" \/>\n<meta property=\"article:modified_time\" content=\"2021-12-01T14:35:35+00:00\" \/>\n<meta property=\"og:image\" content=\"https:\/\/pro-k-pt.de\/wp-content\/uploads\/2019\/11\/logo-pro-k-prueftechnik.png\" \/>\n\t<meta property=\"og:image:width\" content=\"350\" \/>\n\t<meta property=\"og:image:height\" content=\"122\" \/>\n\t<meta property=\"og:image:type\" content=\"image\/png\" \/>\n<meta name=\"twitter:card\" content=\"summary_large_image\" \/>\n<meta name=\"twitter:image\" content=\"https:\/\/pro-k-pt.de\/wp-content\/uploads\/2019\/11\/logo-pro-k-prueftechnik.png\" \/>\n<meta name=\"twitter:label1\" content=\"Est. reading time\" \/>\n\t<meta name=\"twitter:data1\" content=\"5 minutes\" \/>\n<script type=\"application\/ld+json\" class=\"yoast-schema-graph\">{\"@context\":\"https:\/\/schema.org\",\"@graph\":[{\"@type\":\"WebPage\",\"@id\":\"https:\/\/pro-k-pt.de\/en\/site-notice\/\",\"url\":\"https:\/\/pro-k-pt.de\/en\/site-notice\/\",\"name\":\"Site Notice - Pro K Pr\u00fcftechnik GmbH\",\"isPartOf\":{\"@id\":\"https:\/\/pro-k-pt.de\/en\/#website\"},\"datePublished\":\"2020-01-24T10:08:38+00:00\",\"dateModified\":\"2021-12-01T14:35:35+00:00\",\"breadcrumb\":{\"@id\":\"https:\/\/pro-k-pt.de\/en\/site-notice\/#breadcrumb\"},\"inLanguage\":\"en-US\",\"potentialAction\":[{\"@type\":\"ReadAction\",\"target\":[\"https:\/\/pro-k-pt.de\/en\/site-notice\/\"]}]},{\"@type\":\"BreadcrumbList\",\"@id\":\"https:\/\/pro-k-pt.de\/en\/site-notice\/#breadcrumb\",\"itemListElement\":[{\"@type\":\"ListItem\",\"position\":1,\"name\":\"Startseite\",\"item\":\"https:\/\/pro-k-pt.de\/en\/\"},{\"@type\":\"ListItem\",\"position\":2,\"name\":\"Site Notice\"}]},{\"@type\":\"WebSite\",\"@id\":\"https:\/\/pro-k-pt.de\/en\/#website\",\"url\":\"https:\/\/pro-k-pt.de\/en\/\",\"name\":\"Pro K Pr\u00fcftechnik GmbH\",\"description\":\"H\u00e4rtepr\u00fcfung &amp; Modernisierung\",\"publisher\":{\"@id\":\"https:\/\/pro-k-pt.de\/en\/#organization\"},\"potentialAction\":[{\"@type\":\"SearchAction\",\"target\":{\"@type\":\"EntryPoint\",\"urlTemplate\":\"https:\/\/pro-k-pt.de\/en\/?s={search_term_string}\"},\"query-input\":{\"@type\":\"PropertyValueSpecification\",\"valueRequired\":true,\"valueName\":\"search_term_string\"}}],\"inLanguage\":\"en-US\"},{\"@type\":\"Organization\",\"@id\":\"https:\/\/pro-k-pt.de\/en\/#organization\",\"name\":\"Pro-K Pr\u00fcftechnik GmbH\",\"url\":\"https:\/\/pro-k-pt.de\/en\/\",\"logo\":{\"@type\":\"ImageObject\",\"inLanguage\":\"en-US\",\"@id\":\"https:\/\/pro-k-pt.de\/en\/#\/schema\/logo\/image\/\",\"url\":\"https:\/\/pro-k-pt.de\/wp-content\/uploads\/2019\/11\/logo-pro-k-prueftechnik.png\",\"contentUrl\":\"https:\/\/pro-k-pt.de\/wp-content\/uploads\/2019\/11\/logo-pro-k-prueftechnik.png\",\"width\":350,\"height\":122,\"caption\":\"Pro-K Pr\u00fcftechnik GmbH\"},\"image\":{\"@id\":\"https:\/\/pro-k-pt.de\/en\/#\/schema\/logo\/image\/\"}}]}<\/script>\n<!-- \/ Yoast SEO plugin. -->","yoast_head_json":{"title":"Site Notice - Pro K Pr\u00fcftechnik GmbH","robots":{"index":"index","follow":"follow","max-snippet":"max-snippet:-1","max-image-preview":"max-image-preview:large","max-video-preview":"max-video-preview:-1"},"canonical":"https:\/\/pro-k-pt.de\/en\/site-notice\/","og_locale":"en_US","og_type":"article","og_title":"Site Notice - Pro K Pr\u00fcftechnik GmbH","og_description":"Pro-K Pr\u00fcftechnik GmbH Am Katzenbaumerschlag 11 b67105 SchifferstadtGermany Represented by:Johannes Ke\u00dfler, Luise FranzVAT ID Sales tax identification number according to Sect. 27 a of the Sales Tax Law:DE326209190Contact Telefon: +49 (0)6235 - 455 975 - 0E-Mail: info@pro-k-pt.deCommercial Register Commercial Register: HRB 66549Registration court: Amtsgericht LudwigshafenEU dispute resolution The European Commission provides a platform for online [&hellip;]","og_url":"https:\/\/pro-k-pt.de\/en\/site-notice\/","og_site_name":"Pro K Pr\u00fcftechnik GmbH","article_modified_time":"2021-12-01T14:35:35+00:00","og_image":[{"width":350,"height":122,"url":"https:\/\/pro-k-pt.de\/wp-content\/uploads\/2019\/11\/logo-pro-k-prueftechnik.png","type":"image\/png"}],"twitter_card":"summary_large_image","twitter_image":"https:\/\/pro-k-pt.de\/wp-content\/uploads\/2019\/11\/logo-pro-k-prueftechnik.png","twitter_misc":{"Est. reading time":"5 minutes"},"schema":{"@context":"https:\/\/schema.org","@graph":[{"@type":"WebPage","@id":"https:\/\/pro-k-pt.de\/en\/site-notice\/","url":"https:\/\/pro-k-pt.de\/en\/site-notice\/","name":"Site Notice - Pro K Pr\u00fcftechnik GmbH","isPartOf":{"@id":"https:\/\/pro-k-pt.de\/en\/#website"},"datePublished":"2020-01-24T10:08:38+00:00","dateModified":"2021-12-01T14:35:35+00:00","breadcrumb":{"@id":"https:\/\/pro-k-pt.de\/en\/site-notice\/#breadcrumb"},"inLanguage":"en-US","potentialAction":[{"@type":"ReadAction","target":["https:\/\/pro-k-pt.de\/en\/site-notice\/"]}]},{"@type":"BreadcrumbList","@id":"https:\/\/pro-k-pt.de\/en\/site-notice\/#breadcrumb","itemListElement":[{"@type":"ListItem","position":1,"name":"Startseite","item":"https:\/\/pro-k-pt.de\/en\/"},{"@type":"ListItem","position":2,"name":"Site Notice"}]},{"@type":"WebSite","@id":"https:\/\/pro-k-pt.de\/en\/#website","url":"https:\/\/pro-k-pt.de\/en\/","name":"Pro K Pr\u00fcftechnik GmbH","description":"H\u00e4rtepr\u00fcfung &amp; Modernisierung","publisher":{"@id":"https:\/\/pro-k-pt.de\/en\/#organization"},"potentialAction":[{"@type":"SearchAction","target":{"@type":"EntryPoint","urlTemplate":"https:\/\/pro-k-pt.de\/en\/?s={search_term_string}"},"query-input":{"@type":"PropertyValueSpecification","valueRequired":true,"valueName":"search_term_string"}}],"inLanguage":"en-US"},{"@type":"Organization","@id":"https:\/\/pro-k-pt.de\/en\/#organization","name":"Pro-K Pr\u00fcftechnik GmbH","url":"https:\/\/pro-k-pt.de\/en\/","logo":{"@type":"ImageObject","inLanguage":"en-US","@id":"https:\/\/pro-k-pt.de\/en\/#\/schema\/logo\/image\/","url":"https:\/\/pro-k-pt.de\/wp-content\/uploads\/2019\/11\/logo-pro-k-prueftechnik.png","contentUrl":"https:\/\/pro-k-pt.de\/wp-content\/uploads\/2019\/11\/logo-pro-k-prueftechnik.png","width":350,"height":122,"caption":"Pro-K Pr\u00fcftechnik GmbH"},"image":{"@id":"https:\/\/pro-k-pt.de\/en\/#\/schema\/logo\/image\/"}}]}},"_links":{"self":[{"href":"https:\/\/pro-k-pt.de\/en\/wp-json\/wp\/v2\/pages\/838","targetHints":{"allow":["GET"]}}],"collection":[{"href":"https:\/\/pro-k-pt.de\/en\/wp-json\/wp\/v2\/pages"}],"about":[{"href":"https:\/\/pro-k-pt.de\/en\/wp-json\/wp\/v2\/types\/page"}],"author":[{"embeddable":true,"href":"https:\/\/pro-k-pt.de\/en\/wp-json\/wp\/v2\/users\/1"}],"replies":[{"embeddable":true,"href":"https:\/\/pro-k-pt.de\/en\/wp-json\/wp\/v2\/comments?post=838"}],"version-history":[{"count":12,"href":"https:\/\/pro-k-pt.de\/en\/wp-json\/wp\/v2\/pages\/838\/revisions"}],"predecessor-version":[{"id":2671,"href":"https:\/\/pro-k-pt.de\/en\/wp-json\/wp\/v2\/pages\/838\/revisions\/2671"}],"wp:attachment":[{"href":"https:\/\/pro-k-pt.de\/en\/wp-json\/wp\/v2\/media?parent=838"}],"curies":[{"name":"wp","href":"https:\/\/api.w.org\/{rel}","templated":true}]}}