{"id":785,"date":"2020-01-24T10:22:25","date_gmt":"2020-01-24T09:22:25","guid":{"rendered":"https:\/\/pro-k-pt.de\/?page_id=785"},"modified":"2024-07-19T09:31:51","modified_gmt":"2024-07-19T07:31:51","slug":"home","status":"publish","type":"page","link":"https:\/\/pro-k-pt.de\/en\/","title":{"rendered":"Home"},"content":{"rendered":"<p>[et_pb_section fb_built=&#8221;1&#8243; fullwidth=&#8221;on&#8221; _builder_version=&#8221;4.0.6&#8243; bottom_divider_style=&#8221;arrow3&#8243; bottom_divider_color=&#8221;#30363b&#8221; bottom_divider_flip=&#8221;horizontal&#8221; border_color_bottom=&#8221;#38896e&#8221;][et_pb_fullwidth_slider use_bg_overlay=&#8221;on&#8221; bg_overlay_color=&#8221;rgba(0,0,0,0.2)&#8221; use_text_overlay=&#8221;off&#8221; admin_label=&#8221;Vollbreiter Slider&#8221; _builder_version=&#8221;4.2.2&#8243; header_text_color=&#8221;#38896e&#8221; body_text_color=&#8221;#e5e5e5&#8243; background_enable_image=&#8221;off&#8221; content_width=&#8221;70%&#8221; auto=&#8221;on&#8221; auto_speed=&#8221;5000&#8243; hover_enabled=&#8221;0&#8243;][et_pb_slide heading=&#8221;Pro-Command&#8221; button_link=&#8221;https:\/\/pro-k-pt.de\/en\/products\/retrofits\/&#8221; use_bg_overlay=&#8221;off&#8221; use_text_overlay=&#8221;on&#8221; text_overlay_color=&#8221;rgba(56,137,110,0.75)&#8221; arrows_custom_color=&#8221;#ffffff&#8221; dot_nav_custom_color=&#8221;#ffffff&#8221; text_border_radius=&#8221;0px&#8221; _builder_version=&#8221;4.2.2&#8243; header_level=&#8221;h2&#8243; header_text_color=&#8221;#ffffff&#8221; body_text_color=&#8221;#e5e5e5&#8243; background_color=&#8221;rgba(0,0,0,0)&#8221; background_enable_color=&#8221;on&#8221; background_image=&#8221;https:\/\/pro-k-pt.de\/wp-content\/uploads\/2019\/12\/Polygon-Hintergrund-Dark-1980.png&#8221; background_enable_image=&#8221;on&#8221; link_option_url=&#8221;https:\/\/pro-k-pt.de\/en\/products\/retrofits\/&#8221; hover_enabled=&#8221;0&#8243;]<\/p>\n<h3><div class=\"nxt_content_container\">[et_pb_section fb_built=\"1\" _builder_version=\"4.2.2\" custom_margin=\"0px|0px|0px|0px|false|false\" custom_padding=\"10px|0px|0px|0px|false|false\" template_type=\"section\"][et_pb_row column_structure=\"2_5,3_5\" _builder_version=\"4.2.2\" background_size=\"initial\" background_position=\"top_left\" background_repeat=\"repeat\" custom_margin=\"-10px|-1px|0px|0px|false|false\" custom_padding=\"3px|0px|0px|0px|false|false\"][et_pb_column type=\"2_5\" _builder_version=\"4.2.2\"][et_pb_image src=\"https:\/\/pro-k-pt.de\/wp-content\/uploads\/2024\/07\/Pro-Command-Logo-Slider-1.png\" align=\"right\" _builder_version=\"4.2.2\"][\/et_pb_image][\/et_pb_column][et_pb_column type=\"3_5\" _builder_version=\"4.2.2\"][et_pb_text _builder_version=\"4.2.2\"]<h2><span style=\"color: #ffffff;\">Hardness testing software for modernization an new machines.<\/span><\/h2>[\/et_pb_text][\/et_pb_column][\/et_pb_row][\/et_pb_section]<\/div><\/h3>\n<p>[\/et_pb_slide][et_pb_slide heading=&#8221;Industry 4.0&#8243; button_link=&#8221;https:\/\/pro-k-pt.de\/en\/products\/retrofits\/&#8221; use_bg_overlay=&#8221;off&#8221; use_text_overlay=&#8221;on&#8221; text_overlay_color=&#8221;rgba(56,137,110,0.75)&#8221; arrows_custom_color=&#8221;#ffffff&#8221; dot_nav_custom_color=&#8221;#ffffff&#8221; text_border_radius=&#8221;0px&#8221; _builder_version=&#8221;4.2.2&#8243; header_level=&#8221;h2&#8243; header_text_color=&#8221;#ffffff&#8221; body_text_color=&#8221;#e5e5e5&#8243; background_color=&#8221;rgba(0,0,0,0)&#8221; background_enable_color=&#8221;on&#8221; background_image=&#8221;https:\/\/pro-k-pt.de\/wp-content\/uploads\/2019\/12\/Polygon-Hintergrund-Dark-1980.png&#8221; background_enable_image=&#8221;on&#8221; link_option_url=&#8221;https:\/\/pro-k-pt.de\/en\/products\/retrofits\/&#8221;]<\/p>\n<h3>Digitalization of all hardness testers<\/h3>\n<p>Pro-K Pr\u00fcftechnik<\/p>\n<p>[\/et_pb_slide][et_pb_slide heading=&#8221;Hardness Calculator&#8221; button_link=&#8221;https:\/\/pro-k-pt.de\/en\/hardness-calculator\/&#8221; use_bg_overlay=&#8221;off&#8221; use_text_overlay=&#8221;on&#8221; text_overlay_color=&#8221;rgba(56,137,110,0.75)&#8221; arrows_custom_color=&#8221;#ffffff&#8221; dot_nav_custom_color=&#8221;#ffffff&#8221; text_border_radius=&#8221;0px&#8221; _builder_version=&#8221;4.2.2&#8243; header_level=&#8221;h2&#8243; header_text_color=&#8221;#ffffff&#8221; body_text_color=&#8221;#e5e5e5&#8243; background_color=&#8221;rgba(0,0,0,0)&#8221; background_enable_color=&#8221;on&#8221; background_image=&#8221;https:\/\/pro-k-pt.de\/wp-content\/uploads\/2019\/12\/Polygon-Hintergrund-Dark-1980.png&#8221; background_enable_image=&#8221;on&#8221; link_option_url=&#8221;https:\/\/pro-k-pt.de\/en\/hardness-calculator\/&#8221; hover_enabled=&#8221;0&#8243;]<\/p>\n<h3>Everyday tool<\/h3>\n<p>For Vickers, Brinell and Rockwell<\/p>\n<p>[\/et_pb_slide][et_pb_slide heading=&#8221;Innovative Hardness Testing&#8221; button_link=&#8221;https:\/\/pro-k-pt.de\/en\/products\/hardness-testing-machines\/&#8221; use_bg_overlay=&#8221;off&#8221; use_text_overlay=&#8221;on&#8221; text_overlay_color=&#8221;rgba(56,137,110,0.75)&#8221; arrows_custom_color=&#8221;#ffffff&#8221; dot_nav_custom_color=&#8221;#ffffff&#8221; text_border_radius=&#8221;0px&#8221; _builder_version=&#8221;4.2.2&#8243; header_level=&#8221;h2&#8243; header_text_color=&#8221;#ffffff&#8221; body_text_color=&#8221;#e5e5e5&#8243; background_color=&#8221;rgba(0,0,0,0)&#8221; background_enable_color=&#8221;on&#8221; background_image=&#8221;https:\/\/pro-k-pt.de\/wp-content\/uploads\/2019\/12\/Polygon-Hintergrund-Dark-1980.png&#8221; background_enable_image=&#8221;on&#8221; link_option_url=&#8221;https:\/\/pro-k-pt.de\/en\/products\/hardness-testing-machines\/&#8221;]<\/p>\n<h3>Focus on the essentials<\/h3>\n<p>Pro-K Pr\u00fcftechnik<\/p>\n<p>[\/et_pb_slide][\/et_pb_fullwidth_slider][\/et_pb_section][et_pb_section fb_built=&#8221;1&#8243; _builder_version=&#8221;4.0.6&#8243; background_color=&#8221;#30363b&#8221; background_image=&#8221;https:\/\/pro-k-pt.de\/wp-content\/uploads\/2019\/11\/pro-k-logo-bg.png&#8221; background_size=&#8221;initial&#8221; background_position=&#8221;bottom_right&#8221; max_width=&#8221;100%&#8221; custom_padding=&#8221;0px|0px|0px|0px|false|false&#8221;][et_pb_row _builder_version=&#8221;4.0.6&#8243; custom_padding=&#8221;50px||||false|false&#8221;][et_pb_column type=&#8221;4_4&#8243; _builder_version=&#8221;4.0.6&#8243;][et_pb_text _builder_version=&#8221;4.2.2&#8243; background_layout=&#8221;dark&#8221; custom_padding=&#8221;50px||||false|false&#8221; animation_style=&#8221;zoom&#8221; animation_direction=&#8221;bottom&#8221;]<\/p>\n<h1 style=\"text-align: center;\">Pro-K Pr\u00fcftechnik \u2013 next-generation hardness testing<\/h1>\n<h3 style=\"text-align: center;\">Your strong partner for modern materials testing<\/h3>\n<p>[\/et_pb_text][\/et_pb_column][\/et_pb_row][et_pb_row column_structure=&#8221;1_2,1_2&#8243; _builder_version=&#8221;4.0.6&#8243; custom_padding=&#8221;||75px||false|false&#8221;][et_pb_column type=&#8221;1_2&#8243; _builder_version=&#8221;4.0.6&#8243;][et_pb_text _builder_version=&#8221;4.2.2&#8243; background_layout=&#8221;dark&#8221; animation_style=&#8221;fade&#8221; animation_direction=&#8221;left&#8221; animation_duration=&#8221;500ms&#8221; animation_delay=&#8221;50ms&#8221;]<\/p>\n<p>A young company with a lot of experience on board: Pro-K Pr\u00fcftechnik GmbH combines know-how that has grown organically with the requirements of Industry 4.0 and supports you in the efficient digitalization of existing and the acquisition of new hardness testing machines.<\/p>\n<p>[\/et_pb_text][\/et_pb_column][et_pb_column type=&#8221;1_2&#8243; _builder_version=&#8221;4.0.6&#8243;][et_pb_text _builder_version=&#8221;4.2.2&#8243; background_layout=&#8221;dark&#8221; animation_style=&#8221;fade&#8221; animation_direction=&#8221;left&#8221; animation_duration=&#8221;500ms&#8221; animation_delay=&#8221;50ms&#8221;]<\/p>\n<p>In the field of hardness testing, our engineers develop software for universal use, OEM solutions or individual software and hardware solutions exactly according to your requirements \u2013 down to the last detail.<\/p>\n<p>[\/et_pb_text][\/et_pb_column][\/et_pb_row][\/et_pb_section][et_pb_section fb_built=&#8221;1&#8243; _builder_version=&#8221;4.2.2&#8243; background_color=&#8221;#383f45&#8243; custom_padding=&#8221;50px|0px|50px|0px|false|false&#8221; top_divider_style=&#8221;mountains2&#8243; top_divider_color=&#8221;#30363b&#8221; top_divider_flip=&#8221;vertical&#8221; bottom_divider_style=&#8221;arrow2&#8243; bottom_divider_color=&#8221;#38896e&#8221; bottom_divider_flip=&#8221;horizontal&#8221;][et_pb_row module_id=&#8221;aktuelles&#8221; _builder_version=&#8221;4.0.6&#8243; custom_padding=&#8221;75px||||false|false&#8221;][et_pb_column type=&#8221;4_4&#8243; _builder_version=&#8221;4.0.6&#8243;][et_pb_blurb_extended title=&#8221;News from the company&#8221; image=&#8221;https:\/\/pro-k-pt.de\/wp-content\/uploads\/2019\/11\/aktuelles.png&#8221; _builder_version=&#8221;4.2.2&#8243; header_level=&#8221;h2&#8243; header_text_align=&#8221;center&#8221; header_text_color=&#8221;#38896e&#8221; text_orientation=&#8221;center&#8221;]<\/p>\n<h3>Overview of the hard facts<\/h3>\n<p>[\/et_pb_blurb_extended][\/et_pb_column][\/et_pb_row][et_pb_row column_structure=&#8221;1_3,1_3,1_3&#8243; _builder_version=&#8221;4.0.6&#8243; custom_padding=&#8221;50px||75px||false|false&#8221;][et_pb_column type=&#8221;1_3&#8243; _builder_version=&#8221;4.0.6&#8243;][et_pb_blog_extras posts_number=&#8221;1&#8243; meta_date=&#8221;d.m.o&#8221; show_author=&#8221;off&#8221; show_date=&#8221;off&#8221; show_categories=&#8221;off&#8221; show_comments=&#8221;off&#8221; _builder_version=&#8221;4.2.2&#8243; animation_style=&#8221;slide&#8221; animation_duration=&#8221;500ms&#8221;][\/et_pb_blog_extras][\/et_pb_column][et_pb_column type=&#8221;1_3&#8243; _builder_version=&#8221;4.0.6&#8243;][et_pb_blog_extras posts_number=&#8221;1&#8243; offset_number=&#8221;1&#8243; meta_date=&#8221;d.m.o&#8221; show_author=&#8221;off&#8221; show_date=&#8221;off&#8221; show_categories=&#8221;off&#8221; show_comments=&#8221;off&#8221; _builder_version=&#8221;4.2.2&#8243; animation_style=&#8221;slide&#8221; animation_duration=&#8221;500ms&#8221;][\/et_pb_blog_extras][\/et_pb_column][et_pb_column type=&#8221;1_3&#8243; _builder_version=&#8221;4.0.6&#8243;][et_pb_blog_extras posts_number=&#8221;1&#8243; offset_number=&#8221;2&#8243; meta_date=&#8221;d.m.o&#8221; show_author=&#8221;off&#8221; show_date=&#8221;off&#8221; show_categories=&#8221;off&#8221; show_comments=&#8221;off&#8221; _builder_version=&#8221;4.2.2&#8243; animation_style=&#8221;slide&#8221; animation_duration=&#8221;500ms&#8221;][\/et_pb_blog_extras][\/et_pb_column][\/et_pb_row][et_pb_row _builder_version=&#8221;4.0.6&#8243;][et_pb_column type=&#8221;4_4&#8243; _builder_version=&#8221;4.0.6&#8243;][\/et_pb_column][\/et_pb_row][\/et_pb_section][et_pb_section fb_built=&#8221;1&#8243; _builder_version=&#8221;4.0.6&#8243; background_enable_image=&#8221;off&#8221; max_width=&#8221;100%&#8221; custom_padding=&#8221;0px|0px|0px|0px|false|false&#8221; top_divider_flip=&#8221;vertical&#8221;][et_pb_row column_structure=&#8221;1_3,1_3,1_3&#8243; use_custom_gutter=&#8221;on&#8221; gutter_width=&#8221;1&#8243; make_equal=&#8221;on&#8221; _builder_version=&#8221;4.0.6&#8243; width=&#8221;100%&#8221; max_width=&#8221;100%&#8221; custom_padding=&#8221;0px|0px|0px|0px|false|false&#8221;][et_pb_column type=&#8221;1_3&#8243; _builder_version=&#8221;4.0.6&#8243; background_color=&#8221;#38896e&#8221; custom_padding=&#8221;10%|8%|8%|10%|false|false&#8221;][et_pb_blurb_extended title=&#8221;Hardness Testing&#8221; image=&#8221;https:\/\/pro-k-pt.de\/wp-content\/uploads\/2019\/12\/Pro-G-Icon-hp.png&#8221; blurb_layout=&#8221;flipbox&#8221; fb_front_background_color=&#8221;#38896e&#8221; fb_back_background_color=&#8221;#38896e&#8221; _builder_version=&#8221;4.2.2&#8243; header_level=&#8221;h3&#8243; header_text_color=&#8221;#ffffff&#8221; body_text_color=&#8221;#ffffff&#8221; text_orientation=&#8221;center&#8221; link_option_url=&#8221;https:\/\/pro-k-pt.de\/en\/products\/hardness-testing-machines\/&#8221;]<\/p>\n<p>Benefit from modern hardness testing machines with customer-oriented hardness testing software. We support you with hardware and software for universal use of the established hardness test methods Vickers, Knoop, Brinell and Rockwell.\u00a0<\/p>\n<p>[\/et_pb_blurb_extended][\/et_pb_column][et_pb_column type=&#8221;1_3&#8243; _builder_version=&#8221;4.0.6&#8243; background_color=&#8221;#38896e&#8221; background_enable_image=&#8221;off&#8221; parallax=&#8221;on&#8221; custom_padding=&#8221;10%|8%|8%|10%|false|false&#8221;][et_pb_blurb_extended title=&#8221;Software&#8221; image=&#8221;https:\/\/pro-k-pt.de\/wp-content\/uploads\/2019\/12\/pro-command_logo_weiss_hp.png&#8221; blurb_layout=&#8221;flipbox&#8221; fb_front_background_color=&#8221;#38896e&#8221; fb_back_background_color=&#8221;#38896e&#8221; admin_label=&#8221;Divi Blurb Extended&#8221; _builder_version=&#8221;4.2.2&#8243; header_level=&#8221;h3&#8243; header_text_color=&#8221;#ffffff&#8221; body_text_color=&#8221;#ffffff&#8221; text_orientation=&#8221;center&#8221; link_option_url=&#8221;https:\/\/pro-k-pt.de\/en\/products\/software-pro-command\/&#8221;]<\/p>\n<p>The intelligent user interface and the distinctive user management ensure optimum operation for all types of operators.<\/p>\n<p>[\/et_pb_blurb_extended][\/et_pb_column][et_pb_column type=&#8221;1_3&#8243; _builder_version=&#8221;4.0.6&#8243; background_color=&#8221;#38896e&#8221; background_enable_image=&#8221;off&#8221; parallax=&#8221;on&#8221; custom_padding=&#8221;10%|8%|8%|10%|false|false&#8221;][et_pb_blurb_extended title=&#8221;Retrofits&#8221; image=&#8221;https:\/\/pro-k-pt.de\/wp-content\/uploads\/2019\/12\/FT-recycle-HP.png&#8221; blurb_layout=&#8221;flipbox&#8221; fb_front_background_color=&#8221;#38896e&#8221; fb_back_background_color=&#8221;#38896e&#8221; admin_label=&#8221;Divi Blurb Extended&#8221; _builder_version=&#8221;4.2.2&#8243; header_level=&#8221;h3&#8243; header_text_color=&#8221;#ffffff&#8221; body_text_color=&#8221;#ffffff&#8221; text_orientation=&#8221;center&#8221; link_option_url=&#8221;https:\/\/pro-k-pt.de\/en\/products\/retrofits\/&#8221;]<\/p>\n<p>Pro-K gets more out of your resources and equips you for Industry 4.0. We develop new hardness testing software, modernize existing systems and supply OEM software solutions.<\/p>\n<p>[\/et_pb_blurb_extended][\/et_pb_column][\/et_pb_row][\/et_pb_section][et_pb_section fb_built=&#8221;1&#8243; prev_background_color=&#8221;#ffffff&#8221; next_background_color=&#8221;#ffffff&#8221; _builder_version=&#8221;4.2.2&#8243; background_color=&#8221;rgba(0,0,0,0.77)&#8221; background_image=&#8221;https:\/\/pro-k-pt.de\/wp-content\/uploads\/2019\/12\/Polygon-Hintergrund-Dark-1980.png&#8221; parallax=&#8221;on&#8221; max_width=&#8221;100%&#8221; custom_padding=&#8221;0px|0px|0px|0px|false|false&#8221; top_divider_style=&#8221;arrow2&#8243; bottom_divider_style=&#8221;arrow2&#8243; global_module=&#8221;861&#8243;][et_pb_row use_custom_gutter=&#8221;on&#8221; gutter_width=&#8221;1&#8243; make_equal=&#8221;on&#8221; _builder_version=&#8221;4.0.6&#8243; width=&#8221;100%&#8221; max_width=&#8221;100%&#8221; custom_padding=&#8221;0px|0px|0px|0px|false|false&#8221; animation_style=&#8221;zoom&#8221;][et_pb_column type=&#8221;4_4&#8243; _builder_version=&#8221;4.0.6&#8243; background_enable_color=&#8221;off&#8221; custom_padding=&#8221;10%|8%|8%|10%|false|false&#8221;][et_pb_text _builder_version=&#8221;4.2.2&#8243; text_text_color=&#8221;#bde1c5&#8243; header_2_text_color=&#8221;#ffffff&#8221; background_layout=&#8221;dark&#8221; custom_padding=&#8221;||25px||false|false&#8221;]<\/p>\n<h2 style=\"text-align: center;\">More efficient testing now:<\/h2>\n<p style=\"text-align: center;\">It&#8217;s best to contact us straight away &#8211; we&#8217;d be happy to advise you.<\/p>\n<p>[\/et_pb_text][et_pb_button button_url=&#8221;@ET-DC@eyJkeW5hbWljIjp0cnVlLCJjb250ZW50IjoicG9zdF9saW5rX3VybF9wYWdlIiwic2V0dGluZ3MiOnsicG9zdF9pZCI6IjM3OSJ9fQ==@&#8221; button_text=&#8221;Contact us&#8221; button_alignment=&#8221;center&#8221; _builder_version=&#8221;4.2.2&#8243; _dynamic_attributes=&#8221;button_url&#8221; custom_button=&#8221;on&#8221; button_bg_color=&#8221;#38896e&#8221; button_border_color=&#8221;rgba(0,0,0,0)&#8221; button_border_radius=&#8221;0px&#8221; button_font=&#8221;|||on|||||&#8221; button_icon=&#8221;%%20%%&#8221; button_icon_color=&#8221;#ffffff&#8221; background_layout=&#8221;dark&#8221;][\/et_pb_button][\/et_pb_column][\/et_pb_row][\/et_pb_section]<\/p>\n","protected":false},"excerpt":{"rendered":"<p><div class=\"nxt_content_container\"><div class=\"et_pb_section et_pb_section_0 et_section_regular\" >\n\t\t\t\t\n\t\t\t\t\n\t\t\t\t\n\t\t\t\t\n\t\t\t\t\n\t\t\t\t\n\t\t\t\t<div class=\"et_pb_row et_pb_row_0\">\n\t\t\t\t<div class=\"et_pb_column et_pb_column_2_5 et_pb_column_0  et_pb_css_mix_blend_mode_passthrough\">\n\t\t\t\t\n\t\t\t\t\n\t\t\t\t\n\t\t\t\t\n\t\t\t\t<div class=\"et_pb_module et_pb_image et_pb_image_0\">\n\t\t\t\t\n\t\t\t\t\n\t\t\t\t\n\t\t\t\t\n\t\t\t\t<span class=\"et_pb_image_wrap \"><img loading=\"lazy\" decoding=\"async\" width=\"110\" height=\"60\" src=\"https:\/\/pro-k-pt.de\/wp-content\/uploads\/2024\/07\/Pro-Command-Logo-Slider-1.png\" alt=\"\" title=\"\" class=\"wp-image-3897\" \/><\/span>\n\t\t\t<\/div>\n\t\t\t<\/div><div class=\"et_pb_column et_pb_column_3_5 et_pb_column_1  et_pb_css_mix_blend_mode_passthrough et-last-child\">\n\t\t\t\t\n\t\t\t\t\n\t\t\t\t\n\t\t\t\t\n\t\t\t\t<div class=\"et_pb_module et_pb_text et_pb_text_0  et_pb_text_align_left et_pb_bg_layout_light\">\n\t\t\t\t\n\t\t\t\t\n\t\t\t\t\n\t\t\t\t\n\t\t\t\t<div class=\"et_pb_text_inner\"><h2><span style=\"color: #ffffff;\">Hardness testing software for modernization an new machines.<\/span><\/h2><\/div>\n\t\t\t<\/div>\n\t\t\t<\/div>\n\t\t\t\t\n\t\t\t\t\n\t\t\t\t\n\t\t\t\t\n\t\t\t<\/div>\n\t\t\t\t\n\t\t\t\t\n\t\t\t<\/div><\/div> Digitalization of all hardness testers Pro-K Pr\u00fcftechnikEveryday tool For Vickers, Brinell and RockwellFocus on the essentials Pro-K Pr\u00fcftechnikPro-K Pr\u00fcftechnik \u2013 next-generation hardness testing Your strong partner for modern materials testingA young company with a lot of experience on board: Pro-K Pr\u00fcftechnik GmbH combines know-how that has grown organically with the requirements of Industry [&hellip;]<\/p>\n","protected":false},"author":1,"featured_media":0,"parent":0,"menu_order":0,"comment_status":"closed","ping_status":"closed","template":"","meta":{"_et_pb_use_builder":"on","_et_pb_old_content":"","_et_gb_content_width":"","footnotes":""},"class_list":["post-785","page","type-page","status-publish","hentry"],"yoast_head":"<!-- This site is optimized with the Yoast SEO plugin v23.8 - https:\/\/yoast.com\/wordpress\/plugins\/seo\/ -->\n<title>Hardness testing &amp; Retrofits Pro-K Pr\u00fcftechnik | Hardness testing software<\/title>\n<meta name=\"description\" content=\"Pro-K Pr\u00fcftechnik GmbH develops hardness testing software according to customer requirements and OEM software for hardness testing &amp; modernizations \u2794 Learn more.\" \/>\n<meta name=\"robots\" content=\"index, follow, max-snippet:-1, max-image-preview:large, max-video-preview:-1\" \/>\n<link rel=\"canonical\" href=\"https:\/\/pro-k-pt.de\/en\/\" \/>\n<meta property=\"og:locale\" content=\"en_US\" \/>\n<meta property=\"og:type\" content=\"article\" \/>\n<meta property=\"og:title\" content=\"Hardness testing &amp; Retrofits Pro-K Pr\u00fcftechnik | Hardness testing software\" \/>\n<meta property=\"og:description\" content=\"Pro-K Pr\u00fcftechnik GmbH develops hardness testing software according to customer requirements and OEM software for hardness testing &amp; modernizations \u2794 Learn more.\" \/>\n<meta property=\"og:url\" content=\"https:\/\/pro-k-pt.de\/en\/\" \/>\n<meta property=\"og:site_name\" content=\"Pro K Pr\u00fcftechnik GmbH\" \/>\n<meta property=\"article:modified_time\" content=\"2024-07-19T07:31:51+00:00\" \/>\n<meta name=\"twitter:card\" content=\"summary_large_image\" \/>\n<meta name=\"twitter:label1\" content=\"Est. reading time\" \/>\n\t<meta name=\"twitter:data1\" content=\"8 minutes\" \/>\n<script type=\"application\/ld+json\" class=\"yoast-schema-graph\">{\"@context\":\"https:\/\/schema.org\",\"@graph\":[{\"@type\":\"WebPage\",\"@id\":\"https:\/\/pro-k-pt.de\/en\/\",\"url\":\"https:\/\/pro-k-pt.de\/en\/\",\"name\":\"Hardness testing & Retrofits Pro-K Pr\u00fcftechnik | Hardness testing software\",\"isPartOf\":{\"@id\":\"https:\/\/pro-k-pt.de\/en\/#website\"},\"datePublished\":\"2020-01-24T09:22:25+00:00\",\"dateModified\":\"2024-07-19T07:31:51+00:00\",\"description\":\"Pro-K Pr\u00fcftechnik GmbH develops hardness testing software according to customer requirements and OEM software for hardness testing & modernizations \u2794 Learn more.\",\"breadcrumb\":{\"@id\":\"https:\/\/pro-k-pt.de\/en\/#breadcrumb\"},\"inLanguage\":\"en-US\",\"potentialAction\":[{\"@type\":\"ReadAction\",\"target\":[\"https:\/\/pro-k-pt.de\/en\/\"]}]},{\"@type\":\"BreadcrumbList\",\"@id\":\"https:\/\/pro-k-pt.de\/en\/#breadcrumb\",\"itemListElement\":[{\"@type\":\"ListItem\",\"position\":1,\"name\":\"Startseite\",\"item\":\"https:\/\/pro-k-pt.de\/en\/\"},{\"@type\":\"ListItem\",\"position\":2,\"name\":\"Home\"}]},{\"@type\":\"WebSite\",\"@id\":\"https:\/\/pro-k-pt.de\/en\/#website\",\"url\":\"https:\/\/pro-k-pt.de\/en\/\",\"name\":\"Pro K Pr\u00fcftechnik GmbH\",\"description\":\"H\u00e4rtepr\u00fcfung &amp; Modernisierung\",\"publisher\":{\"@id\":\"https:\/\/pro-k-pt.de\/en\/#organization\"},\"potentialAction\":[{\"@type\":\"SearchAction\",\"target\":{\"@type\":\"EntryPoint\",\"urlTemplate\":\"https:\/\/pro-k-pt.de\/en\/?s={search_term_string}\"},\"query-input\":{\"@type\":\"PropertyValueSpecification\",\"valueRequired\":true,\"valueName\":\"search_term_string\"}}],\"inLanguage\":\"en-US\"},{\"@type\":\"Organization\",\"@id\":\"https:\/\/pro-k-pt.de\/en\/#organization\",\"name\":\"Pro-K Pr\u00fcftechnik GmbH\",\"url\":\"https:\/\/pro-k-pt.de\/en\/\",\"logo\":{\"@type\":\"ImageObject\",\"inLanguage\":\"en-US\",\"@id\":\"https:\/\/pro-k-pt.de\/en\/#\/schema\/logo\/image\/\",\"url\":\"https:\/\/pro-k-pt.de\/wp-content\/uploads\/2019\/11\/logo-pro-k-prueftechnik.png\",\"contentUrl\":\"https:\/\/pro-k-pt.de\/wp-content\/uploads\/2019\/11\/logo-pro-k-prueftechnik.png\",\"width\":350,\"height\":122,\"caption\":\"Pro-K Pr\u00fcftechnik GmbH\"},\"image\":{\"@id\":\"https:\/\/pro-k-pt.de\/en\/#\/schema\/logo\/image\/\"}}]}<\/script>\n<!-- \/ Yoast SEO plugin. -->","yoast_head_json":{"title":"Hardness testing & Retrofits Pro-K Pr\u00fcftechnik | Hardness testing software","description":"Pro-K Pr\u00fcftechnik GmbH develops hardness testing software according to customer requirements and OEM software for hardness testing & modernizations \u2794 Learn more.","robots":{"index":"index","follow":"follow","max-snippet":"max-snippet:-1","max-image-preview":"max-image-preview:large","max-video-preview":"max-video-preview:-1"},"canonical":"https:\/\/pro-k-pt.de\/en\/","og_locale":"en_US","og_type":"article","og_title":"Hardness testing & Retrofits Pro-K Pr\u00fcftechnik | Hardness testing software","og_description":"Pro-K Pr\u00fcftechnik GmbH develops hardness testing software according to customer requirements and OEM software for hardness testing & modernizations \u2794 Learn more.","og_url":"https:\/\/pro-k-pt.de\/en\/","og_site_name":"Pro K Pr\u00fcftechnik GmbH","article_modified_time":"2024-07-19T07:31:51+00:00","twitter_card":"summary_large_image","twitter_misc":{"Est. reading time":"8 minutes"},"schema":{"@context":"https:\/\/schema.org","@graph":[{"@type":"WebPage","@id":"https:\/\/pro-k-pt.de\/en\/","url":"https:\/\/pro-k-pt.de\/en\/","name":"Hardness testing & Retrofits Pro-K Pr\u00fcftechnik | Hardness testing software","isPartOf":{"@id":"https:\/\/pro-k-pt.de\/en\/#website"},"datePublished":"2020-01-24T09:22:25+00:00","dateModified":"2024-07-19T07:31:51+00:00","description":"Pro-K Pr\u00fcftechnik GmbH develops hardness testing software according to customer requirements and OEM software for hardness testing & modernizations \u2794 Learn more.","breadcrumb":{"@id":"https:\/\/pro-k-pt.de\/en\/#breadcrumb"},"inLanguage":"en-US","potentialAction":[{"@type":"ReadAction","target":["https:\/\/pro-k-pt.de\/en\/"]}]},{"@type":"BreadcrumbList","@id":"https:\/\/pro-k-pt.de\/en\/#breadcrumb","itemListElement":[{"@type":"ListItem","position":1,"name":"Startseite","item":"https:\/\/pro-k-pt.de\/en\/"},{"@type":"ListItem","position":2,"name":"Home"}]},{"@type":"WebSite","@id":"https:\/\/pro-k-pt.de\/en\/#website","url":"https:\/\/pro-k-pt.de\/en\/","name":"Pro K Pr\u00fcftechnik GmbH","description":"H\u00e4rtepr\u00fcfung &amp; Modernisierung","publisher":{"@id":"https:\/\/pro-k-pt.de\/en\/#organization"},"potentialAction":[{"@type":"SearchAction","target":{"@type":"EntryPoint","urlTemplate":"https:\/\/pro-k-pt.de\/en\/?s={search_term_string}"},"query-input":{"@type":"PropertyValueSpecification","valueRequired":true,"valueName":"search_term_string"}}],"inLanguage":"en-US"},{"@type":"Organization","@id":"https:\/\/pro-k-pt.de\/en\/#organization","name":"Pro-K Pr\u00fcftechnik GmbH","url":"https:\/\/pro-k-pt.de\/en\/","logo":{"@type":"ImageObject","inLanguage":"en-US","@id":"https:\/\/pro-k-pt.de\/en\/#\/schema\/logo\/image\/","url":"https:\/\/pro-k-pt.de\/wp-content\/uploads\/2019\/11\/logo-pro-k-prueftechnik.png","contentUrl":"https:\/\/pro-k-pt.de\/wp-content\/uploads\/2019\/11\/logo-pro-k-prueftechnik.png","width":350,"height":122,"caption":"Pro-K Pr\u00fcftechnik GmbH"},"image":{"@id":"https:\/\/pro-k-pt.de\/en\/#\/schema\/logo\/image\/"}}]}},"_links":{"self":[{"href":"https:\/\/pro-k-pt.de\/en\/wp-json\/wp\/v2\/pages\/785","targetHints":{"allow":["GET"]}}],"collection":[{"href":"https:\/\/pro-k-pt.de\/en\/wp-json\/wp\/v2\/pages"}],"about":[{"href":"https:\/\/pro-k-pt.de\/en\/wp-json\/wp\/v2\/types\/page"}],"author":[{"embeddable":true,"href":"https:\/\/pro-k-pt.de\/en\/wp-json\/wp\/v2\/users\/1"}],"replies":[{"embeddable":true,"href":"https:\/\/pro-k-pt.de\/en\/wp-json\/wp\/v2\/comments?post=785"}],"version-history":[{"count":10,"href":"https:\/\/pro-k-pt.de\/en\/wp-json\/wp\/v2\/pages\/785\/revisions"}],"predecessor-version":[{"id":3912,"href":"https:\/\/pro-k-pt.de\/en\/wp-json\/wp\/v2\/pages\/785\/revisions\/3912"}],"wp:attachment":[{"href":"https:\/\/pro-k-pt.de\/en\/wp-json\/wp\/v2\/media?parent=785"}],"curies":[{"name":"wp","href":"https:\/\/api.w.org\/{rel}","templated":true}]}}