{"id":3670,"date":"2024-02-12T11:28:24","date_gmt":"2024-02-12T10:28:24","guid":{"rendered":"https:\/\/pro-k-pt.de\/products\/software-pro-command\/auto-programs\/"},"modified":"2024-02-12T11:28:24","modified_gmt":"2024-02-12T10:28:24","slug":"auto-programs","status":"publish","type":"page","link":"https:\/\/pro-k-pt.de\/en\/products\/software-pro-command\/auto-programs\/","title":{"rendered":"Auto Programs"},"content":{"rendered":"<p>[et_pb_section fb_built=&#8221;1&#8243; fullwidth=&#8221;on&#8221; _builder_version=&#8221;4.2.2&#8243; bottom_divider_style=&#8221;arrow3&#8243; bottom_divider_color=&#8221;#30363b&#8221; bottom_divider_flip=&#8221;horizontal&#8221; hover_enabled=&#8221;0&#8243; border_color_bottom=&#8221;#38896e&#8221;][et_pb_fullwidth_header title=&#8221;Auto Programs&#8221; subhead=&#8221;Pro-Command Hardness Testing Software&#8221; background_overlay_color=&#8221;rgba(0,0,0,0.6)&#8221; _builder_version=&#8221;4.2.2&#8243; title_level=&#8221;h2&#8243; title_text_align=&#8221;center&#8221; title_text_color=&#8221;#ffffff&#8221; content_text_align=&#8221;center&#8221; content_font_size=&#8221;11px&#8221; subhead_font=&#8221;|||on|||||&#8221; subhead_text_align=&#8221;center&#8221; background_enable_color=&#8221;off&#8221; background_image=&#8221;https:\/\/pro-k-pt.de\/wp-content\/uploads\/2019\/12\/Polygon-Hintergrund-Dark-1980.png&#8221; custom_padding=&#8221;75px||100px||false|false&#8221; hover_enabled=&#8221;0&#8243;][\/et_pb_fullwidth_header][\/et_pb_section][et_pb_section fb_built=&#8221;1&#8243; prev_background_color=&#8221;#ffffff&#8221; _builder_version=&#8221;4.2.2&#8243; background_color=&#8221;#30363b&#8221; background_image=&#8221;https:\/\/pro-k-pt.de\/wp-content\/uploads\/2019\/11\/pro-k-logo-bg.png&#8221; background_size=&#8221;initial&#8221; background_position=&#8221;center_right&#8221; max_width=&#8221;100%&#8221; custom_padding=&#8221;0px|0px|0px|0px|false|false&#8221; top_divider_style=&#8221;none&#8221; bottom_divider_style=&#8221;arrow&#8221; bottom_divider_color=&#8221;#38896e&#8221; bottom_divider_flip=&#8221;horizontal&#8221;][et_pb_row _builder_version=&#8221;4.0.6&#8243;][et_pb_column type=&#8221;4_4&#8243; _builder_version=&#8221;4.0.6&#8243;][et_pb_image src=&#8221;https:\/\/pro-k-pt.de\/wp-content\/uploads\/2024\/02\/Auto-CHD.png&#8221; align=&#8221;center&#8221; _builder_version=&#8221;4.2.2&#8243; hover_enabled=&#8221;0&#8243;][\/et_pb_image][et_pb_text _builder_version=&#8221;4.2.2&#8243; background_layout=&#8221;dark&#8221; custom_padding=&#8221;50px||||false|false&#8221; animation_style=&#8221;zoom&#8221; animation_direction=&#8221;bottom&#8221; hover_enabled=&#8221;0&#8243;]<div class=\"nxt_content_container\">[et_pb_section fb_built=\"1\" _builder_version=\"4.2.2\" hover_enabled=\"0\" template_type=\"section\" custom_margin=\"0px||0px||false|false\" custom_padding=\"0px||0px||false|false\"][et_pb_row _builder_version=\"4.2.2\" background_size=\"initial\" background_position=\"top_left\" background_repeat=\"repeat\" hover_enabled=\"0\" custom_margin=\"0px||0px||false|false\" custom_padding=\"0px||0px||false|false\"][et_pb_column _builder_version=\"4.2.2\" type=\"4_4\"][et_pb_text _builder_version=\"4.2.2\" hover_enabled=\"0\"]This special testing program assists in the quick setup of progress samples. It is not necessary to create and save a separate template for each tolerance.\r\n\r\nThe test coordinates are determined based on the specifications in the standard. Just the minimum and maximum tolerance need to be specified. The user can adapt his test precisely to the sample without wasting time.\n[\/et_pb_text][\/et_pb_column][\/et_pb_row][\/et_pb_section]<\/div><br \/>\n[\/et_pb_text][\/et_pb_column][\/et_pb_row][et_pb_row column_structure=&#8221;1_4,1_4,1_4,1_4&#8243; _builder_version=&#8221;4.2.2&#8243;][et_pb_column type=&#8221;1_4&#8243; _builder_version=&#8221;4.2.2&#8243;][\/et_pb_column][et_pb_column type=&#8221;1_4&#8243; _builder_version=&#8221;4.2.2&#8243;][et_pb_button button_url=&#8221;https:\/\/pro-k-pt.de\/en\/products\/software-pro-command\/&#8221; button_text=&#8221;Pro-Command Summary&#8221; button_alignment=&#8221;center&#8221; _builder_version=&#8221;4.2.2&#8243; custom_button=&#8221;on&#8221; button_text_color=&#8221;#e5e5e5&#8243; button_bg_color=&#8221;#38896e&#8221; button_on_hover=&#8221;off&#8221;][\/et_pb_button][\/et_pb_column][et_pb_column type=&#8221;1_4&#8243; _builder_version=&#8221;4.2.2&#8243;][et_pb_button button_url=&#8221;https:\/\/pro-k-pt.de\/en\/products\/retrofits\/&#8221; button_text=&#8221;Modernization Summary&#8221; button_alignment=&#8221;center&#8221; _builder_version=&#8221;4.2.2&#8243; custom_button=&#8221;on&#8221; button_text_color=&#8221;#e5e5e5&#8243; button_bg_color=&#8221;#38896e&#8221; button_on_hover=&#8221;off&#8221;][\/et_pb_button][\/et_pb_column][et_pb_column type=&#8221;1_4&#8243; _builder_version=&#8221;4.2.2&#8243;][\/et_pb_column][\/et_pb_row][et_pb_row _builder_version=&#8221;4.2.2&#8243;][et_pb_column type=&#8221;4_4&#8243; _builder_version=&#8221;4.2.2&#8243;][et_pb_text _builder_version=&#8221;4.2.2&#8243;][\/et_pb_text][\/et_pb_column][\/et_pb_row][\/et_pb_section][et_pb_section fb_built=&#8221;1&#8243; prev_background_color=&#8221;#30363b&#8221; next_background_color=&#8221;#ffffff&#8221; _builder_version=&#8221;4.2.2&#8243; background_color=&#8221;#38896e&#8221; top_divider_style=&#8221;none&#8221; bottom_divider_style=&#8221;none&#8221;][et_pb_row column_structure=&#8221;1_3,1_3,1_3&#8243; _builder_version=&#8221;4.0.6&#8243;][et_pb_column type=&#8221;1_3&#8243; _builder_version=&#8221;4.0.6&#8243;][\/et_pb_column][et_pb_column type=&#8221;1_3&#8243; _builder_version=&#8221;4.0.6&#8243;][\/et_pb_column][et_pb_column type=&#8221;1_3&#8243; _builder_version=&#8221;4.0.6&#8243;][\/et_pb_column][\/et_pb_row][\/et_pb_section][et_pb_section fb_built=&#8221;1&#8243; prev_background_color=&#8221;#38896e&#8221; next_background_color=&#8221;#ffffff&#8221; _builder_version=&#8221;4.2.2&#8243; background_enable_color=&#8221;off&#8221; background_image=&#8221;https:\/\/pro-k-pt.de\/wp-content\/uploads\/2019\/12\/Polygon-Hintergrund-Dark-1980.png&#8221; parallax=&#8221;on&#8221; max_width=&#8221;100%&#8221; custom_padding=&#8221;0px|0px|0px|0px|false|false&#8221; top_divider_style=&#8221;arrow2&#8243; bottom_divider_style=&#8221;arrow2&#8243; global_module=&#8221;881&#8243;][et_pb_row _builder_version=&#8221;4.2.2&#8243;][et_pb_column type=&#8221;4_4&#8243; _builder_version=&#8221;4.0.6&#8243; background_enable_color=&#8221;off&#8221; custom_padding=&#8221;10%|8%|8%|10%|false|false&#8221;][et_pb_text _builder_version=&#8221;4.2.2&#8243; text_text_color=&#8221;#bde1c5&#8243; header_2_text_color=&#8221;#ffffff&#8221; background_layout=&#8221;dark&#8221; custom_padding=&#8221;||25px||false|false&#8221;]<\/p>\n<h2>DIGITIZE NOW<\/h2>\n<p><strong>It\u2019s best to convince yourself right away and contact us \u2013 we look forward to a personal conversation.<\/strong>[\/et_pb_text][et_pb_button button_url=&#8221;@ET-DC@eyJkeW5hbWljIjp0cnVlLCJjb250ZW50IjoicG9zdF9saW5rX3VybF9wYWdlIiwic2V0dGluZ3MiOnsicG9zdF9pZCI6IjM3OSJ9fQ==@&#8221; button_text=&#8221;CONTACT US&#8221; button_alignment=&#8221;center&#8221; _builder_version=&#8221;4.0.6&#8243; _dynamic_attributes=&#8221;button_url&#8221; custom_button=&#8221;on&#8221; button_bg_color=&#8221;#38896e&#8221; button_border_color=&#8221;rgba(0,0,0,0)&#8221; button_border_radius=&#8221;0px&#8221; button_font=&#8221;|||on|||||&#8221; button_icon=&#8221;%%20%%&#8221; button_icon_color=&#8221;#ffffff&#8221; background_layout=&#8221;dark&#8221;][\/et_pb_button][\/et_pb_column][\/et_pb_row][\/et_pb_section]<\/p>\n","protected":false},"excerpt":{"rendered":"<p><div class=\"nxt_content_container\"><div class=\"et_pb_section et_pb_section_0 et_section_regular\" >\n\t\t\t\t\n\t\t\t\t\n\t\t\t\t\n\t\t\t\t\n\t\t\t\t\n\t\t\t\t\n\t\t\t\t<div class=\"et_pb_row et_pb_row_0\">\n\t\t\t\t<div class=\"et_pb_column et_pb_column_4_4 et_pb_column_0  et_pb_css_mix_blend_mode_passthrough et-last-child\">\n\t\t\t\t\n\t\t\t\t\n\t\t\t\t\n\t\t\t\t\n\t\t\t\t<div class=\"et_pb_module et_pb_text et_pb_text_0  et_pb_text_align_left et_pb_bg_layout_light\">\n\t\t\t\t\n\t\t\t\t\n\t\t\t\t\n\t\t\t\t\n\t\t\t\t<div class=\"et_pb_text_inner\">This special testing program assists in the quick setup of progress samples. It is not necessary to create and save a separate template for each tolerance.\r\n\r\nThe test coordinates are determined based on the specifications in the standard. Just the minimum and maximum tolerance need to be specified. The user can adapt his test precisely to the sample without wasting time.<\/div>\n\t\t\t<\/div>\n\t\t\t<\/div>\n\t\t\t\t\n\t\t\t\t\n\t\t\t\t\n\t\t\t\t\n\t\t\t<\/div>\n\t\t\t\t\n\t\t\t\t\n\t\t\t<\/div><\/div> DIGITIZE NOW It\u2019s best to convince yourself right away and contact us \u2013 we look forward to a personal conversation.<\/p>\n","protected":false},"author":2,"featured_media":0,"parent":1717,"menu_order":0,"comment_status":"closed","ping_status":"closed","template":"","meta":{"_et_pb_use_builder":"on","_et_pb_old_content":"","_et_gb_content_width":"","footnotes":""},"class_list":["post-3670","page","type-page","status-publish","hentry"],"yoast_head":"<!-- This site is optimized with the Yoast SEO plugin v23.8 - https:\/\/yoast.com\/wordpress\/plugins\/seo\/ -->\n<title>Auto Programs - Pro K Pr\u00fcftechnik GmbH<\/title>\n<meta name=\"robots\" content=\"index, follow, max-snippet:-1, max-image-preview:large, max-video-preview:-1\" \/>\n<link rel=\"canonical\" href=\"https:\/\/pro-k-pt.de\/en\/products\/software-pro-command\/auto-programs\/\" \/>\n<meta property=\"og:locale\" content=\"en_US\" \/>\n<meta property=\"og:type\" content=\"article\" \/>\n<meta property=\"og:title\" content=\"Auto Programs - Pro K Pr\u00fcftechnik GmbH\" \/>\n<meta property=\"og:description\" content=\"DIGITIZE NOW It\u2019s best to convince yourself right away and contact us \u2013 we look forward to a personal conversation.\" \/>\n<meta property=\"og:url\" content=\"https:\/\/pro-k-pt.de\/en\/products\/software-pro-command\/auto-programs\/\" \/>\n<meta property=\"og:site_name\" content=\"Pro K Pr\u00fcftechnik GmbH\" \/>\n<meta name=\"twitter:card\" content=\"summary_large_image\" \/>\n<meta name=\"twitter:label1\" content=\"Est. reading time\" \/>\n\t<meta name=\"twitter:data1\" content=\"3 minutes\" \/>\n<script type=\"application\/ld+json\" class=\"yoast-schema-graph\">{\"@context\":\"https:\/\/schema.org\",\"@graph\":[{\"@type\":\"WebPage\",\"@id\":\"https:\/\/pro-k-pt.de\/en\/products\/software-pro-command\/auto-programs\/\",\"url\":\"https:\/\/pro-k-pt.de\/en\/products\/software-pro-command\/auto-programs\/\",\"name\":\"Auto Programs - Pro K Pr\u00fcftechnik GmbH\",\"isPartOf\":{\"@id\":\"https:\/\/pro-k-pt.de\/en\/#website\"},\"datePublished\":\"2024-02-12T10:28:24+00:00\",\"dateModified\":\"2024-02-12T10:28:24+00:00\",\"breadcrumb\":{\"@id\":\"https:\/\/pro-k-pt.de\/en\/products\/software-pro-command\/auto-programs\/#breadcrumb\"},\"inLanguage\":\"en-US\",\"potentialAction\":[{\"@type\":\"ReadAction\",\"target\":[\"https:\/\/pro-k-pt.de\/en\/products\/software-pro-command\/auto-programs\/\"]}]},{\"@type\":\"BreadcrumbList\",\"@id\":\"https:\/\/pro-k-pt.de\/en\/products\/software-pro-command\/auto-programs\/#breadcrumb\",\"itemListElement\":[{\"@type\":\"ListItem\",\"position\":1,\"name\":\"Startseite\",\"item\":\"https:\/\/pro-k-pt.de\/en\/\"},{\"@type\":\"ListItem\",\"position\":2,\"name\":\"Products\",\"item\":\"https:\/\/pro-k-pt.de\/en\/products\/\"},{\"@type\":\"ListItem\",\"position\":3,\"name\":\"Software Pro-Command\",\"item\":\"https:\/\/pro-k-pt.de\/en\/products\/software-pro-command\/\"},{\"@type\":\"ListItem\",\"position\":4,\"name\":\"Auto Programs\"}]},{\"@type\":\"WebSite\",\"@id\":\"https:\/\/pro-k-pt.de\/en\/#website\",\"url\":\"https:\/\/pro-k-pt.de\/en\/\",\"name\":\"Pro K Pr\u00fcftechnik GmbH\",\"description\":\"H\u00e4rtepr\u00fcfung &amp; Modernisierung\",\"publisher\":{\"@id\":\"https:\/\/pro-k-pt.de\/en\/#organization\"},\"potentialAction\":[{\"@type\":\"SearchAction\",\"target\":{\"@type\":\"EntryPoint\",\"urlTemplate\":\"https:\/\/pro-k-pt.de\/en\/?s={search_term_string}\"},\"query-input\":{\"@type\":\"PropertyValueSpecification\",\"valueRequired\":true,\"valueName\":\"search_term_string\"}}],\"inLanguage\":\"en-US\"},{\"@type\":\"Organization\",\"@id\":\"https:\/\/pro-k-pt.de\/en\/#organization\",\"name\":\"Pro-K Pr\u00fcftechnik GmbH\",\"url\":\"https:\/\/pro-k-pt.de\/en\/\",\"logo\":{\"@type\":\"ImageObject\",\"inLanguage\":\"en-US\",\"@id\":\"https:\/\/pro-k-pt.de\/en\/#\/schema\/logo\/image\/\",\"url\":\"https:\/\/pro-k-pt.de\/wp-content\/uploads\/2019\/11\/logo-pro-k-prueftechnik.png\",\"contentUrl\":\"https:\/\/pro-k-pt.de\/wp-content\/uploads\/2019\/11\/logo-pro-k-prueftechnik.png\",\"width\":350,\"height\":122,\"caption\":\"Pro-K Pr\u00fcftechnik GmbH\"},\"image\":{\"@id\":\"https:\/\/pro-k-pt.de\/en\/#\/schema\/logo\/image\/\"}}]}<\/script>\n<!-- \/ Yoast SEO plugin. -->","yoast_head_json":{"title":"Auto Programs - Pro K Pr\u00fcftechnik GmbH","robots":{"index":"index","follow":"follow","max-snippet":"max-snippet:-1","max-image-preview":"max-image-preview:large","max-video-preview":"max-video-preview:-1"},"canonical":"https:\/\/pro-k-pt.de\/en\/products\/software-pro-command\/auto-programs\/","og_locale":"en_US","og_type":"article","og_title":"Auto Programs - Pro K Pr\u00fcftechnik GmbH","og_description":"DIGITIZE NOW It\u2019s best to convince yourself right away and contact us \u2013 we look forward to a personal conversation.","og_url":"https:\/\/pro-k-pt.de\/en\/products\/software-pro-command\/auto-programs\/","og_site_name":"Pro K Pr\u00fcftechnik GmbH","twitter_card":"summary_large_image","twitter_misc":{"Est. reading time":"3 minutes"},"schema":{"@context":"https:\/\/schema.org","@graph":[{"@type":"WebPage","@id":"https:\/\/pro-k-pt.de\/en\/products\/software-pro-command\/auto-programs\/","url":"https:\/\/pro-k-pt.de\/en\/products\/software-pro-command\/auto-programs\/","name":"Auto Programs - Pro K Pr\u00fcftechnik GmbH","isPartOf":{"@id":"https:\/\/pro-k-pt.de\/en\/#website"},"datePublished":"2024-02-12T10:28:24+00:00","dateModified":"2024-02-12T10:28:24+00:00","breadcrumb":{"@id":"https:\/\/pro-k-pt.de\/en\/products\/software-pro-command\/auto-programs\/#breadcrumb"},"inLanguage":"en-US","potentialAction":[{"@type":"ReadAction","target":["https:\/\/pro-k-pt.de\/en\/products\/software-pro-command\/auto-programs\/"]}]},{"@type":"BreadcrumbList","@id":"https:\/\/pro-k-pt.de\/en\/products\/software-pro-command\/auto-programs\/#breadcrumb","itemListElement":[{"@type":"ListItem","position":1,"name":"Startseite","item":"https:\/\/pro-k-pt.de\/en\/"},{"@type":"ListItem","position":2,"name":"Products","item":"https:\/\/pro-k-pt.de\/en\/products\/"},{"@type":"ListItem","position":3,"name":"Software Pro-Command","item":"https:\/\/pro-k-pt.de\/en\/products\/software-pro-command\/"},{"@type":"ListItem","position":4,"name":"Auto Programs"}]},{"@type":"WebSite","@id":"https:\/\/pro-k-pt.de\/en\/#website","url":"https:\/\/pro-k-pt.de\/en\/","name":"Pro K Pr\u00fcftechnik GmbH","description":"H\u00e4rtepr\u00fcfung &amp; Modernisierung","publisher":{"@id":"https:\/\/pro-k-pt.de\/en\/#organization"},"potentialAction":[{"@type":"SearchAction","target":{"@type":"EntryPoint","urlTemplate":"https:\/\/pro-k-pt.de\/en\/?s={search_term_string}"},"query-input":{"@type":"PropertyValueSpecification","valueRequired":true,"valueName":"search_term_string"}}],"inLanguage":"en-US"},{"@type":"Organization","@id":"https:\/\/pro-k-pt.de\/en\/#organization","name":"Pro-K Pr\u00fcftechnik GmbH","url":"https:\/\/pro-k-pt.de\/en\/","logo":{"@type":"ImageObject","inLanguage":"en-US","@id":"https:\/\/pro-k-pt.de\/en\/#\/schema\/logo\/image\/","url":"https:\/\/pro-k-pt.de\/wp-content\/uploads\/2019\/11\/logo-pro-k-prueftechnik.png","contentUrl":"https:\/\/pro-k-pt.de\/wp-content\/uploads\/2019\/11\/logo-pro-k-prueftechnik.png","width":350,"height":122,"caption":"Pro-K Pr\u00fcftechnik GmbH"},"image":{"@id":"https:\/\/pro-k-pt.de\/en\/#\/schema\/logo\/image\/"}}]}},"_links":{"self":[{"href":"https:\/\/pro-k-pt.de\/en\/wp-json\/wp\/v2\/pages\/3670","targetHints":{"allow":["GET"]}}],"collection":[{"href":"https:\/\/pro-k-pt.de\/en\/wp-json\/wp\/v2\/pages"}],"about":[{"href":"https:\/\/pro-k-pt.de\/en\/wp-json\/wp\/v2\/types\/page"}],"author":[{"embeddable":true,"href":"https:\/\/pro-k-pt.de\/en\/wp-json\/wp\/v2\/users\/2"}],"replies":[{"embeddable":true,"href":"https:\/\/pro-k-pt.de\/en\/wp-json\/wp\/v2\/comments?post=3670"}],"version-history":[{"count":2,"href":"https:\/\/pro-k-pt.de\/en\/wp-json\/wp\/v2\/pages\/3670\/revisions"}],"predecessor-version":[{"id":3672,"href":"https:\/\/pro-k-pt.de\/en\/wp-json\/wp\/v2\/pages\/3670\/revisions\/3672"}],"up":[{"embeddable":true,"href":"https:\/\/pro-k-pt.de\/en\/wp-json\/wp\/v2\/pages\/1717"}],"wp:attachment":[{"href":"https:\/\/pro-k-pt.de\/en\/wp-json\/wp\/v2\/media?parent=3670"}],"curies":[{"name":"wp","href":"https:\/\/api.w.org\/{rel}","templated":true}]}}