{"id":2020,"date":"2020-06-11T18:27:53","date_gmt":"2020-06-11T16:27:53","guid":{"rendered":"https:\/\/pro-k-pt.de\/?page_id=2020"},"modified":"2021-12-01T14:53:53","modified_gmt":"2021-12-01T13:53:53","slug":"hardness-testing-machines","status":"publish","type":"page","link":"https:\/\/pro-k-pt.de\/en\/products\/hardness-testing-machines\/","title":{"rendered":"Hardness Testing Machines"},"content":{"rendered":"<p>[et_pb_section fb_built=&#8221;1&#8243; fullwidth=&#8221;on&#8221; _builder_version=&#8221;4.2.2&#8243; bottom_divider_style=&#8221;arrow3&#8243; bottom_divider_color=&#8221;#30363b&#8221; bottom_divider_flip=&#8221;horizontal&#8221; border_color_bottom=&#8221;#38896e&#8221;][et_pb_fullwidth_header title=&#8221;Hardness Testing Machines&#8221; subhead=&#8221;Made in Germany&#8221; background_overlay_color=&#8221;rgba(0,0,0,0.6)&#8221; _builder_version=&#8221;4.2.2&#8243; title_level=&#8221;h2&#8243; title_text_align=&#8221;center&#8221; title_text_color=&#8221;#ffffff&#8221; content_text_align=&#8221;center&#8221; content_font_size=&#8221;11px&#8221; subhead_font=&#8221;|||on|||||&#8221; subhead_text_align=&#8221;center&#8221; background_enable_color=&#8221;off&#8221; background_image=&#8221;https:\/\/pro-k-pt.de\/wp-content\/uploads\/2019\/12\/Polygon-Hintergrund-Dark-1980.png&#8221; custom_padding=&#8221;75px||100px||false|false&#8221;][\/et_pb_fullwidth_header][\/et_pb_section][et_pb_section fb_built=&#8221;1&#8243; prev_background_color=&#8221;#ffffff&#8221; _builder_version=&#8221;4.2.2&#8243; background_color=&#8221;#30363b&#8221; background_image=&#8221;https:\/\/pro-k-pt.de\/wp-content\/uploads\/2019\/11\/pro-k-logo-bg.png&#8221; background_size=&#8221;initial&#8221; background_position=&#8221;center_right&#8221; max_width=&#8221;100%&#8221; custom_padding=&#8221;0px|0px|0px|0px|false|false&#8221; top_divider_style=&#8221;none&#8221; bottom_divider_style=&#8221;arrow&#8221; bottom_divider_color=&#8221;#38896e&#8221; bottom_divider_flip=&#8221;horizontal&#8221;][et_pb_row _builder_version=&#8221;4.0.6&#8243;][et_pb_column type=&#8221;4_4&#8243; _builder_version=&#8221;4.0.6&#8243;][et_pb_text _builder_version=&#8221;4.2.2&#8243; background_layout=&#8221;dark&#8221; custom_padding=&#8221;50px||||false|false&#8221; animation_style=&#8221;zoom&#8221; animation_direction=&#8221;bottom&#8221;]<\/p>\n<p style=\"text-align: center;\"><img loading=\"lazy\" decoding=\"async\" class=\"wp-image-1956 size-full\" src=\"https:\/\/pro-k-pt.de\/wp-content\/uploads\/2020\/06\/Pro-G-Icon-1.png\" alt=\"H\u00e4rtepr\u00fcfmaschine\" width=\"100\" height=\"119\" \/><\/p>\n<h1 style=\"text-align: center;\">Pro-Genius<\/h1>\n<h3 style=\"text-align: center;\">State of the art reinterpreted<\/h3>\n<p>[\/et_pb_text][et_pb_text _builder_version=&#8221;4.2.2&#8243;]<\/p>\n<p style=\"text-align: center;\">Benefit from modern hardness testing machines with customer-oriented hardness testing software.<\/p>\n<p style=\"text-align: center;\">We support you with hardware and software for universal use of the established hardness test methods Vickers, Knoop, Brinell and Rockwell.<\/p>\n<p>[\/et_pb_text][\/et_pb_column][\/et_pb_row][et_pb_row column_structure=&#8221;2_3,1_3&#8243; _builder_version=&#8221;4.2.2&#8243; min_height=&#8221;430px&#8221;][et_pb_column type=&#8221;2_3&#8243; _builder_version=&#8221;4.2.2&#8243;][et_pb_image src=&#8221;https:\/\/pro-k-pt.de\/wp-content\/uploads\/2019\/12\/Pro-G-CAD-frei-hp.png&#8221; align=&#8221;center&#8221; _builder_version=&#8221;4.2.2&#8243; background_image=&#8221;https:\/\/pro-k-pt.de\/wp-content\/uploads\/2019\/12\/Maschinenhintergrund-Mittel-hp.png&#8221;][\/et_pb_image][\/et_pb_column][et_pb_column type=&#8221;1_3&#8243; _builder_version=&#8221;4.2.2&#8243;][et_pb_text _builder_version=&#8221;4.2.2&#8243;]<\/p>\n<h3>PRO-GENIUS<\/h3>\n<p>Hardness tester for micro and low load testing.<\/p>\n<p>Modernste Technologien erm\u00f6glichen einen effizienten aber dennoch normgerechten Pr\u00fcfablauf der Pr\u00fcfverfahren Vickers, Brinell und Knoop:<\/p>\n<p>State-of-the-art technologies enable an efficient test process for the Vickers, Brinell and Knoop test methods according to the standards:<\/p>\n<ul>\n<li>Latest PLC technology<\/li>\n<li>State-of-the-art USB 3.1 industry cameras<\/li>\n<li>Stepper motor technology which is for example used in the medical sector<\/li>\n<\/ul>\n<p>[\/et_pb_text][et_pb_text _builder_version=&#8221;4.2.2&#8243;]&nbsp;<\/p>\n<p>&nbsp;<br \/>\n[\/et_pb_text][\/et_pb_column][\/et_pb_row][\/et_pb_section][et_pb_section fb_built=&#8221;1&#8243; prev_background_color=&#8221;#30363b&#8221; next_background_color=&#8221;#ffffff&#8221; _builder_version=&#8221;4.2.2&#8243; background_color=&#8221;#38896e&#8221; top_divider_style=&#8221;none&#8221; bottom_divider_style=&#8221;none&#8221;][et_pb_row column_structure=&#8221;1_2,1_2&#8243; _builder_version=&#8221;4.0.6&#8243;][et_pb_column type=&#8221;1_2&#8243; _builder_version=&#8221;4.0.6&#8243;][et_pb_image src=&#8221;https:\/\/pro-k-pt.de\/wp-content\/uploads\/2020\/06\/pro-c-wei\u00df-hp.png&#8221; url=&#8221;https:\/\/pro-k-pt.de\/en\/products\/software-pro-command\/&#8221; _builder_version=&#8221;4.2.2&#8243;][\/et_pb_image][\/et_pb_column][et_pb_column type=&#8221;1_2&#8243; _builder_version=&#8221;4.0.6&#8243;][et_pb_text _builder_version=&#8221;4.2.2&#8243; text_text_color=&#8221;#ffffff&#8221; header_text_color=&#8221;#ffffff&#8221; link_option_url=&#8221;https:\/\/pro-k-pt.de\/en\/products\/software-pro-command\/&#8221;]<\/p>\n<h3><span style=\"color: #ffffff;\">Brand new hardness testing software Pro-Command<\/span><\/h3>\n<p>The quality and performance of a modern hardness testing machine depends on its software.<\/p>\n<p>Get more information about our new hardness testing software Pro-Command!<br \/>\n[\/et_pb_text][\/et_pb_column][\/et_pb_row][\/et_pb_section][et_pb_section fb_built=&#8221;1&#8243; prev_background_color=&#8221;#38896e&#8221; next_background_color=&#8221;#ffffff&#8221; _builder_version=&#8221;4.2.2&#8243; background_enable_color=&#8221;off&#8221; background_image=&#8221;https:\/\/pro-k-pt.de\/wp-content\/uploads\/2019\/12\/Polygon-Hintergrund-Dark-1980.png&#8221; parallax=&#8221;on&#8221; max_width=&#8221;100%&#8221; custom_padding=&#8221;0px|0px|0px|0px|false|false&#8221; top_divider_style=&#8221;arrow2&#8243; bottom_divider_style=&#8221;arrow2&#8243; hover_enabled=&#8221;0&#8243;][et_pb_row use_custom_gutter=&#8221;on&#8221; gutter_width=&#8221;1&#8243; make_equal=&#8221;on&#8221; _builder_version=&#8221;4.0.6&#8243; width=&#8221;100%&#8221; max_width=&#8221;100%&#8221; custom_padding=&#8221;0px|0px|0px|0px|false|false&#8221; animation_style=&#8221;zoom&#8221;][et_pb_column type=&#8221;4_4&#8243; _builder_version=&#8221;4.0.6&#8243; background_enable_color=&#8221;off&#8221; custom_padding=&#8221;10%|8%|8%|10%|false|false&#8221;][et_pb_text _builder_version=&#8221;4.2.2&#8243; background_layout=&#8221;dark&#8221; custom_padding=&#8221;||25px||false|false&#8221; hover_enabled=&#8221;0&#8243; text_text_color=&#8221;#bde1c5&#8243; header_2_text_color=&#8221;#ffffff&#8221;]<\/p>\n<h2 style=\"text-align: center;\">Digitize now<\/h2>\n<p style=\"text-align: center;\"><strong>It\u2019s best to convince yourself right away and contact us \u2013 we look forward to a personal conversation.<\/strong><\/p>\n<p>[\/et_pb_text][et_pb_button button_url=&#8221;@ET-DC@eyJkeW5hbWljIjp0cnVlLCJjb250ZW50IjoicG9zdF9saW5rX3VybF9wYWdlIiwic2V0dGluZ3MiOnsicG9zdF9pZCI6IjM3OSJ9fQ==@&#8221; button_text=&#8221;Contact Us&#8221; button_alignment=&#8221;center&#8221; _builder_version=&#8221;4.2.2&#8243; _dynamic_attributes=&#8221;button_url&#8221; custom_button=&#8221;on&#8221; button_bg_color=&#8221;#38896e&#8221; button_border_color=&#8221;rgba(0,0,0,0)&#8221; button_border_radius=&#8221;0px&#8221; button_font=&#8221;|||on|||||&#8221; button_icon=&#8221;%%20%%&#8221; button_icon_color=&#8221;#ffffff&#8221; background_layout=&#8221;dark&#8221;][\/et_pb_button][\/et_pb_column][\/et_pb_row][\/et_pb_section]<\/p>\n","protected":false},"excerpt":{"rendered":"<p>Pro-Genius State of the art reinterpreted Benefit from modern hardness testing machines with customer-oriented hardness testing software. We support you with hardware and software for universal use of the established hardness test methods Vickers, Knoop, Brinell and Rockwell. PRO-GENIUS Hardness tester for micro and low load testing. Modernste Technologien erm\u00f6glichen einen effizienten aber dennoch normgerechten [&hellip;]<\/p>\n","protected":false},"author":2,"featured_media":0,"parent":1706,"menu_order":0,"comment_status":"closed","ping_status":"closed","template":"","meta":{"_et_pb_use_builder":"on","_et_pb_old_content":"<p>[et_pb_section fb_built=\"1\" fullwidth=\"on\" _builder_version=\"4.2.2\" bottom_divider_style=\"arrow3\" bottom_divider_color=\"#30363b\" bottom_divider_flip=\"horizontal\" custom_css_before=\"content: %22\u00a9 ivanmollov \u2013 iStock%22;\" border_color_bottom=\"#38896e\"][et_pb_fullwidth_header title=\"H\u00e4rtepr\u00fcfmaschinen\" subhead=\"Made in Germany\" background_overlay_color=\"rgba(0,0,0,0.6)\" _builder_version=\"4.2.2\" title_level=\"h2\" title_text_align=\"center\" title_text_color=\"#ffffff\" content_text_align=\"center\" content_font_size=\"11px\" subhead_font=\"|||on|||||\" subhead_text_align=\"center\" background_enable_color=\"off\" background_image=\"https:\/\/pro-k-pt.de\/wp-content\/uploads\/2020\/01\/haertepruefung-von-metallen.jpg\" custom_padding=\"75px||100px||false|false\"][\/et_pb_fullwidth_header][\/et_pb_section][et_pb_section fb_built=\"1\" prev_background_color=\"#ffffff\" _builder_version=\"4.2.2\" background_color=\"#30363b\" background_image=\"https:\/\/pro-k-pt.de\/wp-content\/uploads\/2019\/11\/pro-k-logo-bg.png\" background_size=\"initial\" background_position=\"center_right\" max_width=\"100%\" custom_padding=\"0px|0px|0px|0px|false|false\" top_divider_style=\"none\" bottom_divider_style=\"arrow\" bottom_divider_color=\"#38896e\" bottom_divider_flip=\"horizontal\"][et_pb_row _builder_version=\"4.0.6\"][et_pb_column type=\"4_4\" _builder_version=\"4.0.6\"][et_pb_text _builder_version=\"4.2.2\" background_layout=\"dark\" custom_padding=\"50px||||false|false\" animation_style=\"zoom\" animation_direction=\"bottom\"]<\/p><p style=\"text-align: center;\"><img class=\"wp-image-1956 size-full\" src=\"https:\/\/pro-k-pt.de\/wp-content\/uploads\/2020\/06\/Pro-G-Icon-1.png\" alt=\"H\u00e4rtepr\u00fcfmaschine\" width=\"100\" height=\"119\" \/><\/p><h1 style=\"text-align: center;\">Pro-Genius<\/h1><h3 style=\"text-align: center;\">Stand der Technik neu interpretiert<\/h3><p>[\/et_pb_text][et_pb_text _builder_version=\"4.2.2\"]<\/p><p style=\"text-align: center;\">Profitieren Sie von modernen H\u00e4rtepr\u00fcfmaschinen mit kundenorientierter H\u00e4rtepr\u00fcfsoftware.<\/p><p style=\"text-align: center;\">Wir unterst\u00fctzen Sie mit Hard- und Software f\u00fcr den universellen Einsatz der bew\u00e4hrten H\u00e4rtepr\u00fcfverfahren Vickers, Knoop, Brinell und Rockwell.<\/p><p>[\/et_pb_text][\/et_pb_column][\/et_pb_row][et_pb_row column_structure=\"2_3,1_3\" _builder_version=\"4.2.2\" min_height=\"430px\"][et_pb_column type=\"2_3\" _builder_version=\"4.2.2\"][et_pb_image src=\"https:\/\/pro-k-pt.de\/wp-content\/uploads\/2019\/12\/Pro-G-CAD-frei-hp.png\" align=\"center\" _builder_version=\"4.2.2\" background_image=\"https:\/\/pro-k-pt.de\/wp-content\/uploads\/2019\/12\/Maschinenhintergrund-Mittel-hp.png\"][\/et_pb_image][\/et_pb_column][et_pb_column type=\"1_3\" _builder_version=\"4.2.2\"][et_pb_text _builder_version=\"4.2.2\"]<\/p><h3>PRO-GENIUS<\/h3><p>H\u00e4rtepr\u00fcfmaschine f\u00fcr die Bereiche Mikro und Kleinlast.<\/p><p>Modernste Technologien erm\u00f6glichen einen effizienten aber dennoch normgerechten Pr\u00fcfablauf der Pr\u00fcfverfahren Vickers, Brinell und Knoop:<\/p><ul><li>Aktuelle SPS-Technologie<\/li><li>State-of-the-art USB 3.1 Kameras<\/li><li>Schrittmotortechnik, die unter anderem in der Medizin verwendet wird<\/li><\/ul><p>[\/et_pb_text][\/et_pb_column][\/et_pb_row][\/et_pb_section][et_pb_section fb_built=\"1\" prev_background_color=\"#30363b\" next_background_color=\"#ffffff\" _builder_version=\"4.2.2\" background_color=\"#38896e\" top_divider_style=\"none\" bottom_divider_style=\"none\"][et_pb_row column_structure=\"1_2,1_2\" _builder_version=\"4.0.6\"][et_pb_column type=\"1_2\" _builder_version=\"4.0.6\"][et_pb_image src=\"https:\/\/pro-k-pt.de\/wp-content\/uploads\/2020\/06\/pro-c-wei\u00df-hp.png\" _builder_version=\"4.2.2\"][\/et_pb_image][\/et_pb_column][et_pb_column type=\"1_2\" _builder_version=\"4.0.6\"][et_pb_text _builder_version=\"4.2.2\" text_text_color=\"#ffffff\" header_text_color=\"#ffffff\"]<\/p><h3><span style=\"color: #ffffff;\">Neuartige H\u00e4rtepr\u00fcfsoftware Pro-Command<\/span><\/h3><p>Die Qualit\u00e4t und Performance einer modernen H\u00e4rtepr\u00fcfmaschine steht und f\u00e4llt mit deren Software.<\/p><p>Erfahren Sie mehr zu unserer H\u00e4rtepr\u00fcfsoftware Pro-Command.<\/p><p>[\/et_pb_text][\/et_pb_column][\/et_pb_row][\/et_pb_section][et_pb_section fb_built=\"1\" _builder_version=\"4.2.2\" background_enable_color=\"off\" background_image=\"https:\/\/pro-k-pt.de\/wp-content\/uploads\/2020\/01\/effiziente-haertepruefung-von-materialien_03.jpg\" parallax=\"on\" max_width=\"100%\" custom_padding=\"0px|0px|0px|0px|false|false\" top_divider_style=\"arrow2\" bottom_divider_style=\"arrow2\" global_module=\"881\" prev_background_color=\"#38896e\" next_background_color=\"#ffffff\"][et_pb_row use_custom_gutter=\"on\" gutter_width=\"1\" make_equal=\"on\" _builder_version=\"4.0.6\" width=\"100%\" max_width=\"100%\" custom_padding=\"0px|0px|0px|0px|false|false\" animation_style=\"zoom\"][et_pb_column type=\"4_4\" _builder_version=\"4.0.6\" background_enable_color=\"off\" custom_padding=\"10%|8%|8%|10%|false|false\"][et_pb_text _builder_version=\"4.0.6\" background_layout=\"dark\" custom_padding=\"||25px||false|false\"]<\/p><h2 style=\"text-align: center;\">Jetzt digital durchstarten<\/h2><p style=\"text-align: center;\"><strong>\u00dcberzeugen Sie sich am besten gleich selbst und kontaktieren Sie uns \u2013 wir freuen uns auf ein pers\u00f6nliches Gespr\u00e4ch. <\/strong><\/p><p>[\/et_pb_text][et_pb_button button_url=\"@ET-DC@eyJkeW5hbWljIjp0cnVlLCJjb250ZW50IjoicG9zdF9saW5rX3VybF9wYWdlIiwic2V0dGluZ3MiOnsicG9zdF9pZCI6IjM3OSJ9fQ==@\" button_text=\"Zum Kontakt\" button_alignment=\"center\" _builder_version=\"4.0.6\" _dynamic_attributes=\"button_url\" custom_button=\"on\" button_bg_color=\"#38896e\" button_border_color=\"rgba(0,0,0,0)\" button_border_radius=\"0px\" button_font=\"|||on|||||\" button_icon=\"%%20%%\" button_icon_color=\"#ffffff\" background_layout=\"dark\"][\/et_pb_button][et_pb_text admin_label=\"Copyright\" module_class=\"paralax-copyright\" _builder_version=\"4.0.9\"]<\/p><p>\u00a9 kertlis - iStock<\/p><p>[\/et_pb_text][\/et_pb_column][\/et_pb_row][\/et_pb_section]<\/p>","_et_gb_content_width":"","footnotes":""},"class_list":["post-2020","page","type-page","status-publish","hentry"],"yoast_head":"<!-- This site is optimized with the Yoast SEO plugin v23.8 - https:\/\/yoast.com\/wordpress\/plugins\/seo\/ -->\n<title>Hardness Testing Machines - Pro K Pr\u00fcftechnik GmbH<\/title>\n<meta name=\"robots\" content=\"index, follow, max-snippet:-1, max-image-preview:large, max-video-preview:-1\" \/>\n<link rel=\"canonical\" href=\"https:\/\/pro-k-pt.de\/en\/products\/hardness-testing-machines\/\" \/>\n<meta property=\"og:locale\" content=\"en_US\" \/>\n<meta property=\"og:type\" content=\"article\" \/>\n<meta property=\"og:title\" content=\"Hardness Testing Machines - Pro K Pr\u00fcftechnik GmbH\" \/>\n<meta property=\"og:description\" content=\"Pro-Genius State of the art reinterpreted Benefit from modern hardness testing machines with customer-oriented hardness testing software. We support you with hardware and software for universal use of the established hardness test methods Vickers, Knoop, Brinell and Rockwell. PRO-GENIUS Hardness tester for micro and low load testing. Modernste Technologien erm\u00f6glichen einen effizienten aber dennoch normgerechten [&hellip;]\" \/>\n<meta property=\"og:url\" content=\"https:\/\/pro-k-pt.de\/en\/products\/hardness-testing-machines\/\" \/>\n<meta property=\"og:site_name\" content=\"Pro K Pr\u00fcftechnik GmbH\" \/>\n<meta property=\"article:modified_time\" content=\"2021-12-01T13:53:53+00:00\" \/>\n<meta property=\"og:image\" content=\"https:\/\/pro-k-pt.de\/wp-content\/uploads\/2020\/06\/Pro-G-Icon-1.png\" \/>\n\t<meta property=\"og:image:width\" content=\"100\" \/>\n\t<meta property=\"og:image:height\" content=\"119\" \/>\n\t<meta property=\"og:image:type\" content=\"image\/png\" \/>\n<meta name=\"twitter:card\" content=\"summary_large_image\" \/>\n<meta name=\"twitter:label1\" content=\"Est. reading time\" \/>\n\t<meta name=\"twitter:data1\" content=\"4 minutes\" \/>\n<script type=\"application\/ld+json\" class=\"yoast-schema-graph\">{\"@context\":\"https:\/\/schema.org\",\"@graph\":[{\"@type\":\"WebPage\",\"@id\":\"https:\/\/pro-k-pt.de\/en\/products\/hardness-testing-machines\/\",\"url\":\"https:\/\/pro-k-pt.de\/en\/products\/hardness-testing-machines\/\",\"name\":\"Hardness Testing Machines - Pro K Pr\u00fcftechnik GmbH\",\"isPartOf\":{\"@id\":\"https:\/\/pro-k-pt.de\/en\/#website\"},\"primaryImageOfPage\":{\"@id\":\"https:\/\/pro-k-pt.de\/en\/products\/hardness-testing-machines\/#primaryimage\"},\"image\":{\"@id\":\"https:\/\/pro-k-pt.de\/en\/products\/hardness-testing-machines\/#primaryimage\"},\"thumbnailUrl\":\"https:\/\/pro-k-pt.de\/wp-content\/uploads\/2020\/06\/Pro-G-Icon-1.png\",\"datePublished\":\"2020-06-11T16:27:53+00:00\",\"dateModified\":\"2021-12-01T13:53:53+00:00\",\"breadcrumb\":{\"@id\":\"https:\/\/pro-k-pt.de\/en\/products\/hardness-testing-machines\/#breadcrumb\"},\"inLanguage\":\"en-US\",\"potentialAction\":[{\"@type\":\"ReadAction\",\"target\":[\"https:\/\/pro-k-pt.de\/en\/products\/hardness-testing-machines\/\"]}]},{\"@type\":\"ImageObject\",\"inLanguage\":\"en-US\",\"@id\":\"https:\/\/pro-k-pt.de\/en\/products\/hardness-testing-machines\/#primaryimage\",\"url\":\"https:\/\/pro-k-pt.de\/wp-content\/uploads\/2020\/06\/Pro-G-Icon-1.png\",\"contentUrl\":\"https:\/\/pro-k-pt.de\/wp-content\/uploads\/2020\/06\/Pro-G-Icon-1.png\"},{\"@type\":\"BreadcrumbList\",\"@id\":\"https:\/\/pro-k-pt.de\/en\/products\/hardness-testing-machines\/#breadcrumb\",\"itemListElement\":[{\"@type\":\"ListItem\",\"position\":1,\"name\":\"Startseite\",\"item\":\"https:\/\/pro-k-pt.de\/en\/\"},{\"@type\":\"ListItem\",\"position\":2,\"name\":\"Products\",\"item\":\"https:\/\/pro-k-pt.de\/en\/products\/\"},{\"@type\":\"ListItem\",\"position\":3,\"name\":\"Hardness Testing Machines\"}]},{\"@type\":\"WebSite\",\"@id\":\"https:\/\/pro-k-pt.de\/en\/#website\",\"url\":\"https:\/\/pro-k-pt.de\/en\/\",\"name\":\"Pro K Pr\u00fcftechnik GmbH\",\"description\":\"H\u00e4rtepr\u00fcfung &amp; Modernisierung\",\"publisher\":{\"@id\":\"https:\/\/pro-k-pt.de\/en\/#organization\"},\"potentialAction\":[{\"@type\":\"SearchAction\",\"target\":{\"@type\":\"EntryPoint\",\"urlTemplate\":\"https:\/\/pro-k-pt.de\/en\/?s={search_term_string}\"},\"query-input\":{\"@type\":\"PropertyValueSpecification\",\"valueRequired\":true,\"valueName\":\"search_term_string\"}}],\"inLanguage\":\"en-US\"},{\"@type\":\"Organization\",\"@id\":\"https:\/\/pro-k-pt.de\/en\/#organization\",\"name\":\"Pro-K Pr\u00fcftechnik GmbH\",\"url\":\"https:\/\/pro-k-pt.de\/en\/\",\"logo\":{\"@type\":\"ImageObject\",\"inLanguage\":\"en-US\",\"@id\":\"https:\/\/pro-k-pt.de\/en\/#\/schema\/logo\/image\/\",\"url\":\"https:\/\/pro-k-pt.de\/wp-content\/uploads\/2019\/11\/logo-pro-k-prueftechnik.png\",\"contentUrl\":\"https:\/\/pro-k-pt.de\/wp-content\/uploads\/2019\/11\/logo-pro-k-prueftechnik.png\",\"width\":350,\"height\":122,\"caption\":\"Pro-K Pr\u00fcftechnik GmbH\"},\"image\":{\"@id\":\"https:\/\/pro-k-pt.de\/en\/#\/schema\/logo\/image\/\"}}]}<\/script>\n<!-- \/ Yoast SEO plugin. -->","yoast_head_json":{"title":"Hardness Testing Machines - Pro K Pr\u00fcftechnik GmbH","robots":{"index":"index","follow":"follow","max-snippet":"max-snippet:-1","max-image-preview":"max-image-preview:large","max-video-preview":"max-video-preview:-1"},"canonical":"https:\/\/pro-k-pt.de\/en\/products\/hardness-testing-machines\/","og_locale":"en_US","og_type":"article","og_title":"Hardness Testing Machines - Pro K Pr\u00fcftechnik GmbH","og_description":"Pro-Genius State of the art reinterpreted Benefit from modern hardness testing machines with customer-oriented hardness testing software. We support you with hardware and software for universal use of the established hardness test methods Vickers, Knoop, Brinell and Rockwell. PRO-GENIUS Hardness tester for micro and low load testing. Modernste Technologien erm\u00f6glichen einen effizienten aber dennoch normgerechten [&hellip;]","og_url":"https:\/\/pro-k-pt.de\/en\/products\/hardness-testing-machines\/","og_site_name":"Pro K Pr\u00fcftechnik GmbH","article_modified_time":"2021-12-01T13:53:53+00:00","og_image":[{"width":100,"height":119,"url":"https:\/\/pro-k-pt.de\/wp-content\/uploads\/2020\/06\/Pro-G-Icon-1.png","type":"image\/png"}],"twitter_card":"summary_large_image","twitter_misc":{"Est. reading time":"4 minutes"},"schema":{"@context":"https:\/\/schema.org","@graph":[{"@type":"WebPage","@id":"https:\/\/pro-k-pt.de\/en\/products\/hardness-testing-machines\/","url":"https:\/\/pro-k-pt.de\/en\/products\/hardness-testing-machines\/","name":"Hardness Testing Machines - Pro K Pr\u00fcftechnik GmbH","isPartOf":{"@id":"https:\/\/pro-k-pt.de\/en\/#website"},"primaryImageOfPage":{"@id":"https:\/\/pro-k-pt.de\/en\/products\/hardness-testing-machines\/#primaryimage"},"image":{"@id":"https:\/\/pro-k-pt.de\/en\/products\/hardness-testing-machines\/#primaryimage"},"thumbnailUrl":"https:\/\/pro-k-pt.de\/wp-content\/uploads\/2020\/06\/Pro-G-Icon-1.png","datePublished":"2020-06-11T16:27:53+00:00","dateModified":"2021-12-01T13:53:53+00:00","breadcrumb":{"@id":"https:\/\/pro-k-pt.de\/en\/products\/hardness-testing-machines\/#breadcrumb"},"inLanguage":"en-US","potentialAction":[{"@type":"ReadAction","target":["https:\/\/pro-k-pt.de\/en\/products\/hardness-testing-machines\/"]}]},{"@type":"ImageObject","inLanguage":"en-US","@id":"https:\/\/pro-k-pt.de\/en\/products\/hardness-testing-machines\/#primaryimage","url":"https:\/\/pro-k-pt.de\/wp-content\/uploads\/2020\/06\/Pro-G-Icon-1.png","contentUrl":"https:\/\/pro-k-pt.de\/wp-content\/uploads\/2020\/06\/Pro-G-Icon-1.png"},{"@type":"BreadcrumbList","@id":"https:\/\/pro-k-pt.de\/en\/products\/hardness-testing-machines\/#breadcrumb","itemListElement":[{"@type":"ListItem","position":1,"name":"Startseite","item":"https:\/\/pro-k-pt.de\/en\/"},{"@type":"ListItem","position":2,"name":"Products","item":"https:\/\/pro-k-pt.de\/en\/products\/"},{"@type":"ListItem","position":3,"name":"Hardness Testing Machines"}]},{"@type":"WebSite","@id":"https:\/\/pro-k-pt.de\/en\/#website","url":"https:\/\/pro-k-pt.de\/en\/","name":"Pro K Pr\u00fcftechnik GmbH","description":"H\u00e4rtepr\u00fcfung &amp; Modernisierung","publisher":{"@id":"https:\/\/pro-k-pt.de\/en\/#organization"},"potentialAction":[{"@type":"SearchAction","target":{"@type":"EntryPoint","urlTemplate":"https:\/\/pro-k-pt.de\/en\/?s={search_term_string}"},"query-input":{"@type":"PropertyValueSpecification","valueRequired":true,"valueName":"search_term_string"}}],"inLanguage":"en-US"},{"@type":"Organization","@id":"https:\/\/pro-k-pt.de\/en\/#organization","name":"Pro-K Pr\u00fcftechnik GmbH","url":"https:\/\/pro-k-pt.de\/en\/","logo":{"@type":"ImageObject","inLanguage":"en-US","@id":"https:\/\/pro-k-pt.de\/en\/#\/schema\/logo\/image\/","url":"https:\/\/pro-k-pt.de\/wp-content\/uploads\/2019\/11\/logo-pro-k-prueftechnik.png","contentUrl":"https:\/\/pro-k-pt.de\/wp-content\/uploads\/2019\/11\/logo-pro-k-prueftechnik.png","width":350,"height":122,"caption":"Pro-K Pr\u00fcftechnik GmbH"},"image":{"@id":"https:\/\/pro-k-pt.de\/en\/#\/schema\/logo\/image\/"}}]}},"_links":{"self":[{"href":"https:\/\/pro-k-pt.de\/en\/wp-json\/wp\/v2\/pages\/2020","targetHints":{"allow":["GET"]}}],"collection":[{"href":"https:\/\/pro-k-pt.de\/en\/wp-json\/wp\/v2\/pages"}],"about":[{"href":"https:\/\/pro-k-pt.de\/en\/wp-json\/wp\/v2\/types\/page"}],"author":[{"embeddable":true,"href":"https:\/\/pro-k-pt.de\/en\/wp-json\/wp\/v2\/users\/2"}],"replies":[{"embeddable":true,"href":"https:\/\/pro-k-pt.de\/en\/wp-json\/wp\/v2\/comments?post=2020"}],"version-history":[{"count":11,"href":"https:\/\/pro-k-pt.de\/en\/wp-json\/wp\/v2\/pages\/2020\/revisions"}],"predecessor-version":[{"id":2648,"href":"https:\/\/pro-k-pt.de\/en\/wp-json\/wp\/v2\/pages\/2020\/revisions\/2648"}],"up":[{"embeddable":true,"href":"https:\/\/pro-k-pt.de\/en\/wp-json\/wp\/v2\/pages\/1706"}],"wp:attachment":[{"href":"https:\/\/pro-k-pt.de\/en\/wp-json\/wp\/v2\/media?parent=2020"}],"curies":[{"name":"wp","href":"https:\/\/api.w.org\/{rel}","templated":true}]}}