{"id":1706,"date":"2020-06-11T18:12:50","date_gmt":"2020-06-11T16:12:50","guid":{"rendered":"https:\/\/pro-k-pt.de\/?page_id=1706"},"modified":"2021-12-01T15:00:07","modified_gmt":"2021-12-01T14:00:07","slug":"products","status":"publish","type":"page","link":"https:\/\/pro-k-pt.de\/en\/products\/","title":{"rendered":"Products"},"content":{"rendered":"<p>[et_pb_section fb_built=&#8221;1&#8243; fullwidth=&#8221;on&#8221; _builder_version=&#8221;4.2.2&#8243; bottom_divider_style=&#8221;arrow3&#8243; bottom_divider_color=&#8221;#30363b&#8221; bottom_divider_flip=&#8221;horizontal&#8221; border_color_bottom=&#8221;#38896e&#8221;][et_pb_fullwidth_header title=&#8221;Products&#8221; subhead=&#8221;Hardness Testing Made in Germany&#8221; background_overlay_color=&#8221;rgba(0,0,0,0.6)&#8221; _builder_version=&#8221;4.2.2&#8243; title_level=&#8221;h2&#8243; title_text_align=&#8221;center&#8221; title_text_color=&#8221;#ffffff&#8221; content_text_align=&#8221;center&#8221; content_font_size=&#8221;11px&#8221; subhead_font=&#8221;|||on|||||&#8221; subhead_text_align=&#8221;center&#8221; background_enable_color=&#8221;off&#8221; background_image=&#8221;https:\/\/pro-k-pt.de\/wp-content\/uploads\/2019\/12\/Polygon-Hintergrund-Dark-1980.png&#8221; custom_padding=&#8221;75px||100px||false|false&#8221;][\/et_pb_fullwidth_header][\/et_pb_section][et_pb_section fb_built=&#8221;1&#8243; prev_background_color=&#8221;#ffffff&#8221; _builder_version=&#8221;4.2.2&#8243; background_color=&#8221;#30363b&#8221; background_image=&#8221;https:\/\/pro-k-pt.de\/wp-content\/uploads\/2019\/11\/pro-k-logo-bg.png&#8221; background_size=&#8221;initial&#8221; background_position=&#8221;center_right&#8221; max_width=&#8221;100%&#8221; custom_padding=&#8221;0px|0px|0px|0px|false|false&#8221; top_divider_style=&#8221;none&#8221; bottom_divider_style=&#8221;arrow&#8221; bottom_divider_color=&#8221;#38896e&#8221; bottom_divider_flip=&#8221;horizontal&#8221;][et_pb_row _builder_version=&#8221;4.0.6&#8243;][et_pb_column type=&#8221;4_4&#8243; _builder_version=&#8221;4.0.6&#8243;][et_pb_text _builder_version=&#8221;4.2.2&#8243; background_layout=&#8221;dark&#8221; custom_padding=&#8221;50px||||false|false&#8221; animation_style=&#8221;zoom&#8221; animation_direction=&#8221;bottom&#8221; link_option_url=&#8221;https:\/\/pro-k-pt.de\/en\/products\/software-pro-command\/&#8221;]<\/p>\n<h1 style=\"text-align: center;\"><img loading=\"lazy\" decoding=\"async\" class=\"wp-image-1631 alignnone size-full\" src=\"https:\/\/pro-k-pt.de\/wp-content\/uploads\/2019\/12\/pro-command_logo_02-single.png\" alt=\"\" width=\"111\" height=\"61\" \/><\/h1>\n<h1 style=\"text-align: center;\">Pro-Command<\/h1>\n<h3 style=\"text-align: center;\">Hardness testing software one generation ahead<\/h3>\n<p>[\/et_pb_text][\/et_pb_column][\/et_pb_row][et_pb_row column_structure=&#8221;2_3,1_3&#8243; _builder_version=&#8221;4.2.2&#8243; min_height=&#8221;430px&#8221;][et_pb_column type=&#8221;2_3&#8243; _builder_version=&#8221;4.2.2&#8243;][et_pb_image src=&#8221;https:\/\/pro-k-pt.de\/wp-content\/uploads\/2019\/12\/planung-en-hp-1.png&#8221; url=&#8221;https:\/\/pro-k-pt.de\/en\/products\/software-pro-command\/&#8221; _builder_version=&#8221;4.2.2&#8243;][\/et_pb_image][\/et_pb_column][et_pb_column type=&#8221;1_3&#8243; _builder_version=&#8221;4.2.2&#8243;][et_pb_text _builder_version=&#8221;4.2.2&#8243; custom_padding=&#8221;||13px|||&#8221; link_option_url=&#8221;https:\/\/pro-k-pt.de\/en\/products\/software-pro-command\/&#8221;]<\/p>\n<p>Automation software should make hardness testing easier, not more complicated.<\/p>\n<p>That is why we develop targeted solutions to problems that we know very well from our previous experience.<\/p>\n<p>The new hardness testing software Pro-Command focuses on a clear user interface and the consideration of different user types.<\/p>\n<p>[\/et_pb_text][\/et_pb_column][\/et_pb_row][\/et_pb_section][et_pb_section fb_built=&#8221;1&#8243; prev_background_color=&#8221;#30363b&#8221; next_background_color=&#8221;#ffffff&#8221; _builder_version=&#8221;4.2.2&#8243; background_color=&#8221;#38896e&#8221; top_divider_style=&#8221;none&#8221; bottom_divider_style=&#8221;none&#8221;][et_pb_row column_structure=&#8221;1_2,1_2&#8243; _builder_version=&#8221;4.0.6&#8243;][et_pb_column type=&#8221;1_2&#8243; _builder_version=&#8221;4.0.6&#8243;][et_pb_text _builder_version=&#8221;4.2.2&#8243; header_2_text_color=&#8221;#ffffff&#8221; header_3_text_color=&#8221;#bde1c5&#8243; background_layout=&#8221;dark&#8221; min_height=&#8221;85px&#8221; max_height=&#8221;85px&#8221; animation_style=&#8221;fade&#8221; animation_direction=&#8221;left&#8221; animation_duration=&#8221;500ms&#8221; animation_delay=&#8221;50ms&#8221; link_option_url=&#8221;https:\/\/pro-k-pt.de\/en\/products\/hardness-testing-machines\/&#8221;]<\/p>\n<h2>Hardness Testing Machines:<\/h2>\n<h3>Modern hardness testing machines with customer-oriented hardness testing software<\/h3>\n<p>[\/et_pb_text][et_pb_image src=&#8221;https:\/\/pro-k-pt.de\/wp-content\/uploads\/2019\/12\/Pro-G-CAD-frei-hp.png&#8221; url=&#8221;https:\/\/pro-k-pt.de\/en\/products\/hardness-testing-machines\/&#8221; align=&#8221;center&#8221; _builder_version=&#8221;4.2.2&#8243; background_image=&#8221;https:\/\/pro-k-pt.de\/wp-content\/uploads\/2019\/12\/Maschinenhintergrund-Mittel-hp.png&#8221; min_height=&#8221;230px&#8221; max_height=&#8221;230px&#8221;][\/et_pb_image][et_pb_text _builder_version=&#8221;4.2.2&#8243; background_layout=&#8221;dark&#8221; animation_style=&#8221;fade&#8221; animation_direction=&#8221;left&#8221; animation_duration=&#8221;500ms&#8221; animation_delay=&#8221;50ms&#8221; link_option_url=&#8221;https:\/\/pro-k-pt.de\/en\/products\/hardness-testing-machines\/&#8221;]<\/p>\n<p>Benefit from modern hardness testing machines with customer-oriented hardness testing software. We support you with hardware and software for universal use of the established hardness test methods Vickers, Knoop, Brinell and Rockwell.<\/p>\n<p>[\/et_pb_text][\/et_pb_column][et_pb_column type=&#8221;1_2&#8243; _builder_version=&#8221;4.0.6&#8243;][et_pb_text _builder_version=&#8221;4.2.2&#8243; header_2_text_color=&#8221;#ffffff&#8221; header_3_text_color=&#8221;#bde1c5&#8243; background_layout=&#8221;dark&#8221; min_height=&#8221;85px&#8221; max_height=&#8221;85px&#8221; animation_style=&#8221;fade&#8221; animation_direction=&#8221;left&#8221; animation_duration=&#8221;500ms&#8221; animation_delay=&#8221;50ms&#8221; link_option_url=&#8221;https:\/\/pro-k-pt.de\/en\/products\/retrofits\/&#8221;]<\/p>\n<h2>Retrofits:<\/h2>\n<h3>Make optimal use of existing resources<\/h3>\n<p>[\/et_pb_text][et_pb_image src=&#8221;https:\/\/pro-k-pt.de\/wp-content\/uploads\/2019\/12\/FT-FM-810-Pro-C-FL-de-300&#215;210.png&#8221; url=&#8221;https:\/\/pro-k-pt.de\/en\/products\/retrofits\/&#8221; align=&#8221;center&#8221; _builder_version=&#8221;4.2.2&#8243; background_color=&#8221;#767676&#8243; background_image=&#8221;https:\/\/pro-k-pt.de\/wp-content\/uploads\/2019\/12\/Maschinenhintergrund-Gro\u00dfl-hp.png&#8221; min_height=&#8221;230px&#8221; max_height=&#8221;230px&#8221;][\/et_pb_image][et_pb_text _builder_version=&#8221;4.2.2&#8243; background_layout=&#8221;dark&#8221; animation_style=&#8221;fade&#8221; animation_direction=&#8221;left&#8221; animation_duration=&#8221;500ms&#8221; animation_delay=&#8221;50ms&#8221; link_option_url=&#8221;https:\/\/pro-k-pt.de\/en\/products\/retrofits\/&#8221;]<\/p>\n<p>We meet today&#8217;s customer requirements with modern hardness testing software, an optimized use of resources and an interface to as many hardness testing machines as possible. We use the latest state of the art in software development as well as in hardware and machine electronics.<\/p>\n<p>[\/et_pb_text][\/et_pb_column][\/et_pb_row][\/et_pb_section][et_pb_section fb_built=&#8221;1&#8243; prev_background_color=&#8221;#38896e&#8221; next_background_color=&#8221;#ffffff&#8221; _builder_version=&#8221;4.2.2&#8243; background_enable_color=&#8221;off&#8221; background_image=&#8221;https:\/\/pro-k-pt.de\/wp-content\/uploads\/2019\/12\/Polygon-Hintergrund-Dark-1980.png&#8221; parallax=&#8221;on&#8221; max_width=&#8221;100%&#8221; custom_padding=&#8221;0px|0px|0px|0px|false|false&#8221; top_divider_style=&#8221;arrow2&#8243; bottom_divider_style=&#8221;arrow2&#8243;][et_pb_row use_custom_gutter=&#8221;on&#8221; gutter_width=&#8221;1&#8243; make_equal=&#8221;on&#8221; _builder_version=&#8221;4.0.6&#8243; width=&#8221;100%&#8221; max_width=&#8221;100%&#8221; custom_padding=&#8221;0px|0px|0px|0px|false|false&#8221; animation_style=&#8221;zoom&#8221;][et_pb_column type=&#8221;4_4&#8243; _builder_version=&#8221;4.0.6&#8243; background_enable_color=&#8221;off&#8221; custom_padding=&#8221;10%|8%|8%|10%|false|false&#8221;][et_pb_text _builder_version=&#8221;4.2.2&#8243; text_text_color=&#8221;#bde1c5&#8243; header_2_text_color=&#8221;#ffffff&#8221; background_layout=&#8221;dark&#8221; custom_padding=&#8221;||25px||false|false&#8221;]<\/p>\n<h2 style=\"text-align: center;\">More efficient testing now:<\/h2>\n<p style=\"text-align: center;\"><strong>It&#8217;s best to contact us straight away &#8211; we&#8217;d be happy to advise you<\/strong><\/p>\n<p>[\/et_pb_text][et_pb_button button_url=&#8221;@ET-DC@eyJkeW5hbWljIjp0cnVlLCJjb250ZW50IjoicG9zdF9saW5rX3VybF9wYWdlIiwic2V0dGluZ3MiOnsicG9zdF9pZCI6IjM3OSJ9fQ==@&#8221; button_text=&#8221;Contact us&#8221; button_alignment=&#8221;center&#8221; _builder_version=&#8221;4.2.2&#8243; _dynamic_attributes=&#8221;button_url&#8221; custom_button=&#8221;on&#8221; button_bg_color=&#8221;#38896e&#8221; button_border_color=&#8221;rgba(0,0,0,0)&#8221; button_border_radius=&#8221;0px&#8221; button_font=&#8221;|||on|||||&#8221; button_icon=&#8221;%%20%%&#8221; button_icon_color=&#8221;#ffffff&#8221; background_layout=&#8221;dark&#8221;][\/et_pb_button][\/et_pb_column][\/et_pb_row][\/et_pb_section]<\/p>\n","protected":false},"excerpt":{"rendered":"<p>Pro-Command Hardness testing software one generation aheadAutomation software should make hardness testing easier, not more complicated. That is why we develop targeted solutions to problems that we know very well from our previous experience. The new hardness testing software Pro-Command focuses on a clear user interface and the consideration of different user types.Hardness Testing Machines: [&hellip;]<\/p>\n","protected":false},"author":2,"featured_media":0,"parent":0,"menu_order":0,"comment_status":"closed","ping_status":"closed","template":"","meta":{"_et_pb_use_builder":"on","_et_pb_old_content":"<p>[et_pb_section fb_built=\"1\" fullwidth=\"on\" _builder_version=\"4.2.2\" bottom_divider_style=\"arrow3\" bottom_divider_color=\"#30363b\" bottom_divider_flip=\"horizontal\" custom_css_before=\"content: %22\u00a9 ivanmollov \u2013 iStock%22;\" border_color_bottom=\"#38896e\"][et_pb_fullwidth_header title=\"Produkte\" subhead=\"H\u00e4rtepr\u00fcfung Made in Germany\" background_overlay_color=\"rgba(0,0,0,0.6)\" _builder_version=\"4.2.2\" title_level=\"h2\" title_text_align=\"center\" title_text_color=\"#ffffff\" content_text_align=\"center\" content_font_size=\"11px\" subhead_font=\"|||on|||||\" subhead_text_align=\"center\" background_enable_color=\"off\" background_image=\"https:\/\/pro-k-pt.de\/wp-content\/uploads\/2020\/01\/haertepruefung-von-metallen.jpg\" custom_padding=\"75px||100px||false|false\"][\/et_pb_fullwidth_header][\/et_pb_section][et_pb_section fb_built=\"1\" prev_background_color=\"#ffffff\" _builder_version=\"4.2.2\" background_color=\"#30363b\" background_image=\"https:\/\/pro-k-pt.de\/wp-content\/uploads\/2019\/11\/pro-k-logo-bg.png\" background_size=\"initial\" background_position=\"center_right\" max_width=\"100%\" custom_padding=\"0px|0px|0px|0px|false|false\" top_divider_style=\"none\" bottom_divider_style=\"arrow\" bottom_divider_color=\"#38896e\" bottom_divider_flip=\"horizontal\"][et_pb_row _builder_version=\"4.0.6\"][et_pb_column type=\"4_4\" _builder_version=\"4.0.6\"][et_pb_text _builder_version=\"4.2.2\" background_layout=\"dark\" custom_padding=\"50px||||false|false\" animation_style=\"zoom\" animation_direction=\"bottom\"]<\/p><h1 style=\"text-align: center;\"><img class=\"wp-image-1631 alignnone size-full\" src=\"https:\/\/pro-k-pt.de\/wp-content\/uploads\/2019\/12\/pro-command_logo_02-single.png\" alt=\"\" width=\"111\" height=\"61\" \/><\/h1><h1 style=\"text-align: center;\">Pro-Command<\/h1><h3 style=\"text-align: center;\">H\u00e4rtepr\u00fcfsoftware eine Generation weiter<\/h3><p>[\/et_pb_text][\/et_pb_column][\/et_pb_row][et_pb_row column_structure=\"2_3,1_3\" _builder_version=\"4.2.2\" min_height=\"430px\"][et_pb_column type=\"2_3\" _builder_version=\"4.2.2\"][et_pb_image src=\"https:\/\/pro-k-pt.de\/wp-content\/uploads\/2019\/12\/planung-de-hp.png\" _builder_version=\"4.2.2\"][\/et_pb_image][\/et_pb_column][et_pb_column type=\"1_3\" _builder_version=\"4.2.2\"][et_pb_text _builder_version=\"4.2.2\" custom_padding=\"||13px|||\"]<\/p><p>Automatisierungssoftware soll die H\u00e4rtepr\u00fcfung einfacher machen, nicht komplizierter.<\/p><p>Deshalb entwickeln wir gezielte L\u00f6sungen f\u00fcr Problematiken, die wir aus unserer bisherigen Erfahrung sehr gut kennen.<\/p><p>\u00a0<\/p><p>Die neue H\u00e4rtepr\u00fcfsoftware Pro-Command legt den Fokus auf eine klare Bedieneroberfl\u00e4che und die Ber\u00fccksichtigung der verschiedenen Benutzer-Typen.<\/p><p>[\/et_pb_text][\/et_pb_column][\/et_pb_row][\/et_pb_section][et_pb_section fb_built=\"1\" prev_background_color=\"#30363b\" next_background_color=\"#ffffff\" _builder_version=\"4.2.2\" background_color=\"#38896e\" top_divider_style=\"none\" bottom_divider_style=\"none\"][et_pb_row column_structure=\"1_2,1_2\" _builder_version=\"4.0.6\"][et_pb_column type=\"1_2\" _builder_version=\"4.0.6\"][et_pb_text _builder_version=\"4.2.2\" header_2_text_color=\"#ffffff\" header_3_text_color=\"#bde1c5\" background_layout=\"dark\" min_height=\"85px\" animation_style=\"fade\" animation_direction=\"left\" animation_duration=\"500ms\" animation_delay=\"50ms\"]<\/p><h2>H\u00e4rtepr\u00fcfmaschinen:<\/h2><h3>Moderne H\u00e4rtepr\u00fcfmaschinen mit kundenorientierter H\u00e4rtepr\u00fcfsoftware<\/h3><p>[\/et_pb_text][et_pb_image src=\"https:\/\/pro-k-pt.de\/wp-content\/uploads\/2019\/12\/Pro-G-CAD-frei-hp.png\" align=\"center\" _builder_version=\"4.2.2\" background_image=\"https:\/\/pro-k-pt.de\/wp-content\/uploads\/2019\/12\/Maschinenhintergrund-Mittel-hp.png\" min_height=\"230px\" max_height=\"230px\"][\/et_pb_image][et_pb_text _builder_version=\"4.0.9\" background_layout=\"dark\" animation_style=\"fade\" animation_direction=\"left\" animation_duration=\"500ms\" animation_delay=\"50ms\"]<\/p><p>Profitieren Sie von modernen H\u00e4rtepr\u00fcfmaschinen mit kundenorientierter H\u00e4rtepr\u00fcfsoftware. Wir unterst\u00fctzen Sie mit Hard- und Software f\u00fcr den universalen Einsatz der bew\u00e4hrten Pr\u00fcfverfahren Vickers, Knoop, Brinell und Rockwell.\u00a0<\/p><p>[\/et_pb_text][\/et_pb_column][et_pb_column type=\"1_2\" _builder_version=\"4.0.6\"][et_pb_text _builder_version=\"4.2.2\" header_2_text_color=\"#ffffff\" header_3_text_color=\"#bde1c5\" background_layout=\"dark\" min_height=\"85px\" animation_style=\"fade\" animation_direction=\"left\" animation_duration=\"500ms\" animation_delay=\"50ms\"]<\/p><h2>Modernisierungen:<\/h2><h3>Bestehende Ressourcen optimal nutzen<\/h3><p>[\/et_pb_text][et_pb_image src=\"https:\/\/pro-k-pt.de\/wp-content\/uploads\/2019\/12\/FT-FM-810-Pro-C-FL-de-300x210.png\" align=\"center\" _builder_version=\"4.2.2\" background_color=\"#767676\" background_image=\"https:\/\/pro-k-pt.de\/wp-content\/uploads\/2019\/12\/Maschinenhintergrund-Gro\u00dfl-hp.png\" min_height=\"230px\" max_height=\"230px\"][\/et_pb_image][et_pb_text _builder_version=\"4.2.2\" background_layout=\"dark\" animation_style=\"fade\" animation_direction=\"left\" animation_duration=\"500ms\" animation_delay=\"50ms\"]<\/p><p>Den heutigen Kundenanforderungen begegnen wir mit moderner H\u00e4rtepr\u00fcfsoftware, einer optimierten Nutzung von Ressourcen sowie einer Schnittstelle zu m\u00f6glichst vielen H\u00e4rtepr\u00fcfmaschinen. Dabei nutzen wir den neusten Stand der Technik sowohl in der Softwareentwicklung als auch bez\u00fcglich der Hardware und Maschinenelektronik.<\/p><p>[\/et_pb_text][\/et_pb_column][\/et_pb_row][\/et_pb_section][et_pb_section fb_built=\"1\" _builder_version=\"4.2.2\" background_enable_color=\"off\" background_image=\"https:\/\/pro-k-pt.de\/wp-content\/uploads\/2020\/01\/effiziente-haertepruefung-von-materialien_03.jpg\" parallax=\"on\" max_width=\"100%\" custom_padding=\"0px|0px|0px|0px|false|false\" top_divider_style=\"arrow2\" bottom_divider_style=\"arrow2\" global_module=\"881\" prev_background_color=\"#38896e\" next_background_color=\"#ffffff\"][et_pb_row use_custom_gutter=\"on\" gutter_width=\"1\" make_equal=\"on\" _builder_version=\"4.0.6\" width=\"100%\" max_width=\"100%\" custom_padding=\"0px|0px|0px|0px|false|false\" animation_style=\"zoom\"][et_pb_column type=\"4_4\" _builder_version=\"4.0.6\" background_enable_color=\"off\" custom_padding=\"10%|8%|8%|10%|false|false\"][et_pb_text _builder_version=\"4.0.6\" background_layout=\"dark\" custom_padding=\"||25px||false|false\"]<\/p><h2 style=\"text-align: center;\">Jetzt digital durchstarten<\/h2><p style=\"text-align: center;\"><strong>\u00dcberzeugen Sie sich am besten gleich selbst und kontaktieren Sie uns \u2013 wir freuen uns auf ein pers\u00f6nliches Gespr\u00e4ch. <\/strong><\/p><p>[\/et_pb_text][et_pb_button button_url=\"@ET-DC@eyJkeW5hbWljIjp0cnVlLCJjb250ZW50IjoicG9zdF9saW5rX3VybF9wYWdlIiwic2V0dGluZ3MiOnsicG9zdF9pZCI6IjM3OSJ9fQ==@\" button_text=\"Zum Kontakt\" button_alignment=\"center\" _builder_version=\"4.0.6\" _dynamic_attributes=\"button_url\" custom_button=\"on\" button_bg_color=\"#38896e\" button_border_color=\"rgba(0,0,0,0)\" button_border_radius=\"0px\" button_font=\"|||on|||||\" button_icon=\"%%20%%\" button_icon_color=\"#ffffff\" background_layout=\"dark\"][\/et_pb_button][et_pb_text admin_label=\"Copyright\" module_class=\"paralax-copyright\" _builder_version=\"4.0.9\"]<\/p><p>\u00a9 kertlis - iStock<\/p><p>[\/et_pb_text][\/et_pb_column][\/et_pb_row][\/et_pb_section]<\/p>","_et_gb_content_width":"","footnotes":""},"class_list":["post-1706","page","type-page","status-publish","hentry"],"yoast_head":"<!-- This site is optimized with the Yoast SEO plugin v23.8 - https:\/\/yoast.com\/wordpress\/plugins\/seo\/ -->\n<title>Products - Pro K Pr\u00fcftechnik GmbH<\/title>\n<meta name=\"robots\" content=\"index, follow, max-snippet:-1, max-image-preview:large, max-video-preview:-1\" \/>\n<link rel=\"canonical\" href=\"https:\/\/pro-k-pt.de\/en\/products\/\" \/>\n<meta property=\"og:locale\" content=\"en_US\" \/>\n<meta property=\"og:type\" content=\"article\" \/>\n<meta property=\"og:title\" content=\"Products - Pro K Pr\u00fcftechnik GmbH\" \/>\n<meta property=\"og:description\" content=\"Pro-Command Hardness testing software one generation aheadAutomation software should make hardness testing easier, not more complicated. That is why we develop targeted solutions to problems that we know very well from our previous experience. The new hardness testing software Pro-Command focuses on a clear user interface and the consideration of different user types.Hardness Testing Machines: [&hellip;]\" \/>\n<meta property=\"og:url\" content=\"https:\/\/pro-k-pt.de\/en\/products\/\" \/>\n<meta property=\"og:site_name\" content=\"Pro K Pr\u00fcftechnik GmbH\" \/>\n<meta property=\"article:modified_time\" content=\"2021-12-01T14:00:07+00:00\" \/>\n<meta property=\"og:image\" content=\"https:\/\/pro-k-pt.de\/wp-content\/uploads\/2019\/12\/pro-command_logo_02-single.png\" \/>\n\t<meta property=\"og:image:width\" content=\"111\" \/>\n\t<meta property=\"og:image:height\" content=\"61\" \/>\n\t<meta property=\"og:image:type\" content=\"image\/png\" \/>\n<meta name=\"twitter:card\" content=\"summary_large_image\" \/>\n<meta name=\"twitter:label1\" content=\"Est. reading time\" \/>\n\t<meta name=\"twitter:data1\" content=\"5 minutes\" \/>\n<script type=\"application\/ld+json\" class=\"yoast-schema-graph\">{\"@context\":\"https:\/\/schema.org\",\"@graph\":[{\"@type\":\"WebPage\",\"@id\":\"https:\/\/pro-k-pt.de\/en\/products\/\",\"url\":\"https:\/\/pro-k-pt.de\/en\/products\/\",\"name\":\"Products - Pro K Pr\u00fcftechnik GmbH\",\"isPartOf\":{\"@id\":\"https:\/\/pro-k-pt.de\/en\/#website\"},\"primaryImageOfPage\":{\"@id\":\"https:\/\/pro-k-pt.de\/en\/products\/#primaryimage\"},\"image\":{\"@id\":\"https:\/\/pro-k-pt.de\/en\/products\/#primaryimage\"},\"thumbnailUrl\":\"https:\/\/pro-k-pt.de\/wp-content\/uploads\/2019\/12\/pro-command_logo_02-single.png\",\"datePublished\":\"2020-06-11T16:12:50+00:00\",\"dateModified\":\"2021-12-01T14:00:07+00:00\",\"breadcrumb\":{\"@id\":\"https:\/\/pro-k-pt.de\/en\/products\/#breadcrumb\"},\"inLanguage\":\"en-US\",\"potentialAction\":[{\"@type\":\"ReadAction\",\"target\":[\"https:\/\/pro-k-pt.de\/en\/products\/\"]}]},{\"@type\":\"ImageObject\",\"inLanguage\":\"en-US\",\"@id\":\"https:\/\/pro-k-pt.de\/en\/products\/#primaryimage\",\"url\":\"https:\/\/pro-k-pt.de\/wp-content\/uploads\/2019\/12\/pro-command_logo_02-single.png\",\"contentUrl\":\"https:\/\/pro-k-pt.de\/wp-content\/uploads\/2019\/12\/pro-command_logo_02-single.png\"},{\"@type\":\"BreadcrumbList\",\"@id\":\"https:\/\/pro-k-pt.de\/en\/products\/#breadcrumb\",\"itemListElement\":[{\"@type\":\"ListItem\",\"position\":1,\"name\":\"Startseite\",\"item\":\"https:\/\/pro-k-pt.de\/en\/\"},{\"@type\":\"ListItem\",\"position\":2,\"name\":\"Products\"}]},{\"@type\":\"WebSite\",\"@id\":\"https:\/\/pro-k-pt.de\/en\/#website\",\"url\":\"https:\/\/pro-k-pt.de\/en\/\",\"name\":\"Pro K Pr\u00fcftechnik GmbH\",\"description\":\"H\u00e4rtepr\u00fcfung &amp; Modernisierung\",\"publisher\":{\"@id\":\"https:\/\/pro-k-pt.de\/en\/#organization\"},\"potentialAction\":[{\"@type\":\"SearchAction\",\"target\":{\"@type\":\"EntryPoint\",\"urlTemplate\":\"https:\/\/pro-k-pt.de\/en\/?s={search_term_string}\"},\"query-input\":{\"@type\":\"PropertyValueSpecification\",\"valueRequired\":true,\"valueName\":\"search_term_string\"}}],\"inLanguage\":\"en-US\"},{\"@type\":\"Organization\",\"@id\":\"https:\/\/pro-k-pt.de\/en\/#organization\",\"name\":\"Pro-K Pr\u00fcftechnik GmbH\",\"url\":\"https:\/\/pro-k-pt.de\/en\/\",\"logo\":{\"@type\":\"ImageObject\",\"inLanguage\":\"en-US\",\"@id\":\"https:\/\/pro-k-pt.de\/en\/#\/schema\/logo\/image\/\",\"url\":\"https:\/\/pro-k-pt.de\/wp-content\/uploads\/2019\/11\/logo-pro-k-prueftechnik.png\",\"contentUrl\":\"https:\/\/pro-k-pt.de\/wp-content\/uploads\/2019\/11\/logo-pro-k-prueftechnik.png\",\"width\":350,\"height\":122,\"caption\":\"Pro-K Pr\u00fcftechnik GmbH\"},\"image\":{\"@id\":\"https:\/\/pro-k-pt.de\/en\/#\/schema\/logo\/image\/\"}}]}<\/script>\n<!-- \/ Yoast SEO plugin. -->","yoast_head_json":{"title":"Products - Pro K Pr\u00fcftechnik GmbH","robots":{"index":"index","follow":"follow","max-snippet":"max-snippet:-1","max-image-preview":"max-image-preview:large","max-video-preview":"max-video-preview:-1"},"canonical":"https:\/\/pro-k-pt.de\/en\/products\/","og_locale":"en_US","og_type":"article","og_title":"Products - Pro K Pr\u00fcftechnik GmbH","og_description":"Pro-Command Hardness testing software one generation aheadAutomation software should make hardness testing easier, not more complicated. That is why we develop targeted solutions to problems that we know very well from our previous experience. The new hardness testing software Pro-Command focuses on a clear user interface and the consideration of different user types.Hardness Testing Machines: [&hellip;]","og_url":"https:\/\/pro-k-pt.de\/en\/products\/","og_site_name":"Pro K Pr\u00fcftechnik GmbH","article_modified_time":"2021-12-01T14:00:07+00:00","og_image":[{"width":111,"height":61,"url":"https:\/\/pro-k-pt.de\/wp-content\/uploads\/2019\/12\/pro-command_logo_02-single.png","type":"image\/png"}],"twitter_card":"summary_large_image","twitter_misc":{"Est. reading time":"5 minutes"},"schema":{"@context":"https:\/\/schema.org","@graph":[{"@type":"WebPage","@id":"https:\/\/pro-k-pt.de\/en\/products\/","url":"https:\/\/pro-k-pt.de\/en\/products\/","name":"Products - Pro K Pr\u00fcftechnik GmbH","isPartOf":{"@id":"https:\/\/pro-k-pt.de\/en\/#website"},"primaryImageOfPage":{"@id":"https:\/\/pro-k-pt.de\/en\/products\/#primaryimage"},"image":{"@id":"https:\/\/pro-k-pt.de\/en\/products\/#primaryimage"},"thumbnailUrl":"https:\/\/pro-k-pt.de\/wp-content\/uploads\/2019\/12\/pro-command_logo_02-single.png","datePublished":"2020-06-11T16:12:50+00:00","dateModified":"2021-12-01T14:00:07+00:00","breadcrumb":{"@id":"https:\/\/pro-k-pt.de\/en\/products\/#breadcrumb"},"inLanguage":"en-US","potentialAction":[{"@type":"ReadAction","target":["https:\/\/pro-k-pt.de\/en\/products\/"]}]},{"@type":"ImageObject","inLanguage":"en-US","@id":"https:\/\/pro-k-pt.de\/en\/products\/#primaryimage","url":"https:\/\/pro-k-pt.de\/wp-content\/uploads\/2019\/12\/pro-command_logo_02-single.png","contentUrl":"https:\/\/pro-k-pt.de\/wp-content\/uploads\/2019\/12\/pro-command_logo_02-single.png"},{"@type":"BreadcrumbList","@id":"https:\/\/pro-k-pt.de\/en\/products\/#breadcrumb","itemListElement":[{"@type":"ListItem","position":1,"name":"Startseite","item":"https:\/\/pro-k-pt.de\/en\/"},{"@type":"ListItem","position":2,"name":"Products"}]},{"@type":"WebSite","@id":"https:\/\/pro-k-pt.de\/en\/#website","url":"https:\/\/pro-k-pt.de\/en\/","name":"Pro K Pr\u00fcftechnik GmbH","description":"H\u00e4rtepr\u00fcfung &amp; Modernisierung","publisher":{"@id":"https:\/\/pro-k-pt.de\/en\/#organization"},"potentialAction":[{"@type":"SearchAction","target":{"@type":"EntryPoint","urlTemplate":"https:\/\/pro-k-pt.de\/en\/?s={search_term_string}"},"query-input":{"@type":"PropertyValueSpecification","valueRequired":true,"valueName":"search_term_string"}}],"inLanguage":"en-US"},{"@type":"Organization","@id":"https:\/\/pro-k-pt.de\/en\/#organization","name":"Pro-K Pr\u00fcftechnik GmbH","url":"https:\/\/pro-k-pt.de\/en\/","logo":{"@type":"ImageObject","inLanguage":"en-US","@id":"https:\/\/pro-k-pt.de\/en\/#\/schema\/logo\/image\/","url":"https:\/\/pro-k-pt.de\/wp-content\/uploads\/2019\/11\/logo-pro-k-prueftechnik.png","contentUrl":"https:\/\/pro-k-pt.de\/wp-content\/uploads\/2019\/11\/logo-pro-k-prueftechnik.png","width":350,"height":122,"caption":"Pro-K Pr\u00fcftechnik GmbH"},"image":{"@id":"https:\/\/pro-k-pt.de\/en\/#\/schema\/logo\/image\/"}}]}},"_links":{"self":[{"href":"https:\/\/pro-k-pt.de\/en\/wp-json\/wp\/v2\/pages\/1706","targetHints":{"allow":["GET"]}}],"collection":[{"href":"https:\/\/pro-k-pt.de\/en\/wp-json\/wp\/v2\/pages"}],"about":[{"href":"https:\/\/pro-k-pt.de\/en\/wp-json\/wp\/v2\/types\/page"}],"author":[{"embeddable":true,"href":"https:\/\/pro-k-pt.de\/en\/wp-json\/wp\/v2\/users\/2"}],"replies":[{"embeddable":true,"href":"https:\/\/pro-k-pt.de\/en\/wp-json\/wp\/v2\/comments?post=1706"}],"version-history":[{"count":14,"href":"https:\/\/pro-k-pt.de\/en\/wp-json\/wp\/v2\/pages\/1706\/revisions"}],"predecessor-version":[{"id":2651,"href":"https:\/\/pro-k-pt.de\/en\/wp-json\/wp\/v2\/pages\/1706\/revisions\/2651"}],"wp:attachment":[{"href":"https:\/\/pro-k-pt.de\/en\/wp-json\/wp\/v2\/media?parent=1706"}],"curies":[{"name":"wp","href":"https:\/\/api.w.org\/{rel}","templated":true}]}}